{"id":6781,"date":"2025-12-05T18:41:28","date_gmt":"2025-12-05T16:41:28","guid":{"rendered":"https:\/\/lavandula.ro\/?post_type=product&#038;p=6781"},"modified":"2025-12-05T18:41:28","modified_gmt":"2025-12-05T16:41:28","slug":"07-pachet-cadou","status":"publish","type":"product","link":"https:\/\/lavandula.ro\/hu_hu\/termek\/07-pachet-cadou\/","title":{"rendered":"07 Aj\u00e1nd\u00e9kcsomag"},"content":{"rendered":"<p>A csomag tartalma:<\/p>\n<ul>\n<li dir=\"auto\">\n<div dir=\"auto\">levendul\u00e1s p\u00e1linka<\/div>\n<\/li>\n<li dir=\"auto\">\n<div dir=\"auto\">levendul\u00e1s szappan<\/div>\n<\/li>\n<li dir=\"auto\">\n<div dir=\"auto\">jegenyefeny\u0151 ill\u00f3olajos illatos\u00edt\u00f3<\/div>\n<\/li>\n<\/ul>","protected":false},"excerpt":{"rendered":"<p>A csomag tartalma:<\/p>\n<ul>\n<li dir=\"auto\">\n<div dir=\"auto\">levendul\u00e1s p\u00e1linka<\/div>\n<\/li>\n<li dir=\"auto\">\n<div dir=\"auto\">levendul\u00e1s szappan<\/div>\n<\/li>\n<li dir=\"auto\">\n<div dir=\"auto\">jegenyefeny\u0151 ill\u00f3olajos illatos\u00edt\u00f3<\/div>\n<\/li>\n<\/ul>","protected":false},"featured_media":6782,"comment_status":"open","ping_status":"closed","template":"","meta":[],"product_brand":[],"product_cat":[62],"product_tag":[],"class_list":{"0":"post-6781","1":"product","2":"type-product","3":"status-publish","4":"has-post-thumbnail","6":"product_cat-pachete","7":"rishi-post","9":"first","10":"instock","11":"shipping-taxable","12":"purchasable","13":"product-type-simple"},"yoast_head":"<!-- This site is optimized with the Yoast SEO plugin v27.6 - https:\/\/yoast.com\/product\/yoast-seo-wordpress\/ -->\n<title>07 Pachet cadou - Lavandula<\/title>\n<meta name=\"description\" content=\"Descoper\u0103 pachetele cadou cu lavand\u0103 \u2013 produse naturale, elegante \u0219i parfumate, perfecte pentru relaxare, \u00eengrijire \u0219i surprize speciale. Alege cadoul ideal pentru cei dragi!\" \/>\n<meta name=\"robots\" content=\"index, follow, max-snippet:-1, max-image-preview:large, max-video-preview:-1\" \/>\n<link rel=\"canonical\" href=\"https:\/\/lavandula.ro\/hu_hu\/termek\/07-pachet-cadou\/\" \/>\n<meta property=\"og:locale\" content=\"hu_HU\" \/>\n<meta property=\"og:type\" content=\"article\" \/>\n<meta property=\"og:title\" content=\"07 Pachet cadou - Lavandula\" \/>\n<meta property=\"og:description\" content=\"Descoper\u0103 pachetele cadou cu lavand\u0103 \u2013 produse naturale, elegante \u0219i parfumate, perfecte pentru relaxare, \u00eengrijire \u0219i surprize speciale. Alege cadoul ideal pentru cei dragi!\" \/>\n<meta property=\"og:url\" content=\"https:\/\/lavandula.ro\/hu_hu\/termek\/07-pachet-cadou\/\" \/>\n<meta property=\"og:site_name\" content=\"Lavandula\" \/>\n<meta property=\"article:publisher\" content=\"https:\/\/www.facebook.com\/Rlavandula\" \/>\n<meta property=\"og:image\" content=\"https:\/\/lavandula.ro\/wp-content\/uploads\/2025\/12\/07-csomag-00.jpg\" \/>\n\t<meta property=\"og:image:width\" content=\"832\" \/>\n\t<meta property=\"og:image:height\" content=\"832\" \/>\n\t<meta property=\"og:image:type\" content=\"image\/jpeg\" \/>\n<meta name=\"twitter:card\" content=\"summary_large_image\" \/>\n<meta name=\"twitter:label1\" content=\"Becs\u00fclt olvas\u00e1si id\u0151\" \/>\n\t<meta name=\"twitter:data1\" content=\"1 perc\" \/>\n<script type=\"application\/ld+json\" class=\"yoast-schema-graph\">{\"@context\":\"https:\\\/\\\/schema.org\",\"@graph\":[{\"@type\":\"WebPage\",\"@id\":\"https:\\\/\\\/lavandula.ro\\\/produs\\\/07-pachet-cadou\\\/\",\"url\":\"https:\\\/\\\/lavandula.ro\\\/produs\\\/07-pachet-cadou\\\/\",\"name\":\"07 Pachet cadou - Lavandula\",\"isPartOf\":{\"@id\":\"https:\\\/\\\/lavandula.ro\\\/#website\"},\"primaryImageOfPage\":{\"@id\":\"https:\\\/\\\/lavandula.ro\\\/produs\\\/07-pachet-cadou\\\/#primaryimage\"},\"image\":{\"@id\":\"https:\\\/\\\/lavandula.ro\\\/produs\\\/07-pachet-cadou\\\/#primaryimage\"},\"thumbnailUrl\":\"https:\\\/\\\/lavandula.ro\\\/wp-content\\\/uploads\\\/2025\\\/12\\\/07-csomag-00.jpg\",\"datePublished\":\"2025-12-05T16:41:28+00:00\",\"description\":\"Descoper\u0103 pachetele cadou cu lavand\u0103 \u2013 produse naturale, elegante \u0219i parfumate, perfecte pentru relaxare, \u00eengrijire \u0219i surprize speciale. Alege cadoul ideal pentru cei dragi!\",\"breadcrumb\":{\"@id\":\"https:\\\/\\\/lavandula.ro\\\/produs\\\/07-pachet-cadou\\\/#breadcrumb\"},\"inLanguage\":\"hu\",\"potentialAction\":[{\"@type\":\"ReadAction\",\"target\":[\"https:\\\/\\\/lavandula.ro\\\/produs\\\/07-pachet-cadou\\\/\"]}]},{\"@type\":\"ImageObject\",\"inLanguage\":\"hu\",\"@id\":\"https:\\\/\\\/lavandula.ro\\\/produs\\\/07-pachet-cadou\\\/#primaryimage\",\"url\":\"https:\\\/\\\/lavandula.ro\\\/wp-content\\\/uploads\\\/2025\\\/12\\\/07-csomag-00.jpg\",\"contentUrl\":\"https:\\\/\\\/lavandula.ro\\\/wp-content\\\/uploads\\\/2025\\\/12\\\/07-csomag-00.jpg\",\"width\":832,\"height\":832,\"caption\":\"Lavandula.ro\"},{\"@type\":\"BreadcrumbList\",\"@id\":\"https:\\\/\\\/lavandula.ro\\\/produs\\\/07-pachet-cadou\\\/#breadcrumb\",\"itemListElement\":[{\"@type\":\"ListItem\",\"position\":1,\"name\":\"Prima pagin\u0103\",\"item\":\"https:\\\/\\\/lavandula.ro\\\/\"},{\"@type\":\"ListItem\",\"position\":2,\"name\":\"Produse\",\"item\":\"https:\\\/\\\/lavandula.ro\\\/produse\\\/\"},{\"@type\":\"ListItem\",\"position\":3,\"name\":\"07 Pachet cadou\"}]},{\"@type\":\"WebSite\",\"@id\":\"https:\\\/\\\/lavandula.ro\\\/#website\",\"url\":\"https:\\\/\\\/lavandula.ro\\\/\",\"name\":\"Lavandula\",\"description\":\"Bine\u00een\u021beles natural!\",\"publisher\":{\"@id\":\"https:\\\/\\\/lavandula.ro\\\/#organization\"},\"potentialAction\":[{\"@type\":\"SearchAction\",\"target\":{\"@type\":\"EntryPoint\",\"urlTemplate\":\"https:\\\/\\\/lavandula.ro\\\/?s={search_term_string}\"},\"query-input\":{\"@type\":\"PropertyValueSpecification\",\"valueRequired\":true,\"valueName\":\"search_term_string\"}}],\"inLanguage\":\"hu\"},{\"@type\":\"Organization\",\"@id\":\"https:\\\/\\\/lavandula.ro\\\/#organization\",\"name\":\"Lavandula\",\"url\":\"https:\\\/\\\/lavandula.ro\\\/\",\"logo\":{\"@type\":\"ImageObject\",\"inLanguage\":\"hu\",\"@id\":\"https:\\\/\\\/lavandula.ro\\\/#\\\/schema\\\/logo\\\/image\\\/\",\"url\":\"https:\\\/\\\/lavandula.ro\\\/wp-content\\\/uploads\\\/2024\\\/08\\\/L.png\",\"contentUrl\":\"https:\\\/\\\/lavandula.ro\\\/wp-content\\\/uploads\\\/2024\\\/08\\\/L.png\",\"width\":1330,\"height\":592,\"caption\":\"Lavandula\"},\"image\":{\"@id\":\"https:\\\/\\\/lavandula.ro\\\/#\\\/schema\\\/logo\\\/image\\\/\"},\"sameAs\":[\"https:\\\/\\\/www.facebook.com\\\/Rlavandula\"]}]}<\/script>\n<!-- \/ Yoast SEO plugin. -->","yoast_head_json":{"title":"07 Pachet cadou - Lavandula","description":"Descoper\u0103 pachetele cadou cu lavand\u0103 \u2013 produse naturale, elegante \u0219i parfumate, perfecte pentru relaxare, \u00eengrijire \u0219i surprize speciale. Alege cadoul ideal pentru cei dragi!","robots":{"index":"index","follow":"follow","max-snippet":"max-snippet:-1","max-image-preview":"max-image-preview:large","max-video-preview":"max-video-preview:-1"},"canonical":"https:\/\/lavandula.ro\/hu_hu\/termek\/07-pachet-cadou\/","og_locale":"hu_HU","og_type":"article","og_title":"07 Pachet cadou - Lavandula","og_description":"Descoper\u0103 pachetele cadou cu lavand\u0103 \u2013 produse naturale, elegante \u0219i parfumate, perfecte pentru relaxare, \u00eengrijire \u0219i surprize speciale. Alege cadoul ideal pentru cei dragi!","og_url":"https:\/\/lavandula.ro\/hu_hu\/termek\/07-pachet-cadou\/","og_site_name":"Lavandula","article_publisher":"https:\/\/www.facebook.com\/Rlavandula","og_image":[{"width":832,"height":832,"url":"https:\/\/lavandula.ro\/wp-content\/uploads\/2025\/12\/07-csomag-00.jpg","type":"image\/jpeg"}],"twitter_card":"summary_large_image","twitter_misc":{"Becs\u00fclt olvas\u00e1si id\u0151":"1 perc"},"schema":{"@context":"https:\/\/schema.org","@graph":[{"@type":"WebPage","@id":"https:\/\/lavandula.ro\/produs\/07-pachet-cadou\/","url":"https:\/\/lavandula.ro\/produs\/07-pachet-cadou\/","name":"07 Pachet cadou - Lavandula","isPartOf":{"@id":"https:\/\/lavandula.ro\/#website"},"primaryImageOfPage":{"@id":"https:\/\/lavandula.ro\/produs\/07-pachet-cadou\/#primaryimage"},"image":{"@id":"https:\/\/lavandula.ro\/produs\/07-pachet-cadou\/#primaryimage"},"thumbnailUrl":"https:\/\/lavandula.ro\/wp-content\/uploads\/2025\/12\/07-csomag-00.jpg","datePublished":"2025-12-05T16:41:28+00:00","description":"Descoper\u0103 pachetele cadou cu lavand\u0103 \u2013 produse naturale, elegante \u0219i parfumate, perfecte pentru relaxare, \u00eengrijire \u0219i surprize speciale. Alege cadoul ideal pentru cei dragi!","breadcrumb":{"@id":"https:\/\/lavandula.ro\/produs\/07-pachet-cadou\/#breadcrumb"},"inLanguage":"hu","potentialAction":[{"@type":"ReadAction","target":["https:\/\/lavandula.ro\/produs\/07-pachet-cadou\/"]}]},{"@type":"ImageObject","inLanguage":"hu","@id":"https:\/\/lavandula.ro\/produs\/07-pachet-cadou\/#primaryimage","url":"https:\/\/lavandula.ro\/wp-content\/uploads\/2025\/12\/07-csomag-00.jpg","contentUrl":"https:\/\/lavandula.ro\/wp-content\/uploads\/2025\/12\/07-csomag-00.jpg","width":832,"height":832,"caption":"Lavandula.ro"},{"@type":"BreadcrumbList","@id":"https:\/\/lavandula.ro\/produs\/07-pachet-cadou\/#breadcrumb","itemListElement":[{"@type":"ListItem","position":1,"name":"Prima pagin\u0103","item":"https:\/\/lavandula.ro\/"},{"@type":"ListItem","position":2,"name":"Produse","item":"https:\/\/lavandula.ro\/produse\/"},{"@type":"ListItem","position":3,"name":"07 Pachet cadou"}]},{"@type":"WebSite","@id":"https:\/\/lavandula.ro\/#website","url":"https:\/\/lavandula.ro\/","name":"Lavandula","description":"Bine\u00een\u021beles natural!","publisher":{"@id":"https:\/\/lavandula.ro\/#organization"},"potentialAction":[{"@type":"SearchAction","target":{"@type":"EntryPoint","urlTemplate":"https:\/\/lavandula.ro\/?s={search_term_string}"},"query-input":{"@type":"PropertyValueSpecification","valueRequired":true,"valueName":"search_term_string"}}],"inLanguage":"hu"},{"@type":"Organization","@id":"https:\/\/lavandula.ro\/#organization","name":"Lavandula","url":"https:\/\/lavandula.ro\/","logo":{"@type":"ImageObject","inLanguage":"hu","@id":"https:\/\/lavandula.ro\/#\/schema\/logo\/image\/","url":"https:\/\/lavandula.ro\/wp-content\/uploads\/2024\/08\/L.png","contentUrl":"https:\/\/lavandula.ro\/wp-content\/uploads\/2024\/08\/L.png","width":1330,"height":592,"caption":"Lavandula"},"image":{"@id":"https:\/\/lavandula.ro\/#\/schema\/logo\/image\/"},"sameAs":["https:\/\/www.facebook.com\/Rlavandula"]}]}},"_links":{"self":[{"href":"https:\/\/lavandula.ro\/hu_hu\/wp-json\/wp\/v2\/product\/6781","targetHints":{"allow":["GET"]}}],"collection":[{"href":"https:\/\/lavandula.ro\/hu_hu\/wp-json\/wp\/v2\/product"}],"about":[{"href":"https:\/\/lavandula.ro\/hu_hu\/wp-json\/wp\/v2\/types\/product"}],"replies":[{"embeddable":true,"href":"https:\/\/lavandula.ro\/hu_hu\/wp-json\/wp\/v2\/comments?post=6781"}],"wp:featuredmedia":[{"embeddable":true,"href":"https:\/\/lavandula.ro\/hu_hu\/wp-json\/wp\/v2\/media\/6782"}],"wp:attachment":[{"href":"https:\/\/lavandula.ro\/hu_hu\/wp-json\/wp\/v2\/media?parent=6781"}],"wp:term":[{"taxonomy":"product_brand","embeddable":true,"href":"https:\/\/lavandula.ro\/hu_hu\/wp-json\/wp\/v2\/product_brand?post=6781"},{"taxonomy":"product_cat","embeddable":true,"href":"https:\/\/lavandula.ro\/hu_hu\/wp-json\/wp\/v2\/product_cat?post=6781"},{"taxonomy":"product_tag","embeddable":true,"href":"https:\/\/lavandula.ro\/hu_hu\/wp-json\/wp\/v2\/product_tag?post=6781"}],"curies":[{"name":"wp","href":"https:\/\/api.w.org\/{rel}","templated":true}]}}