{"id":6518,"date":"2024-11-25T20:29:40","date_gmt":"2024-11-25T18:29:40","guid":{"rendered":"https:\/\/lavandula.ro\/?post_type=product&#038;p=6518"},"modified":"2024-12-03T17:05:53","modified_gmt":"2024-12-03T15:05:53","slug":"odorizant-cu-ulei-esential-de-brad-5-ml","status":"publish","type":"product","link":"https:\/\/lavandula.ro\/hu_hu\/termek\/odorizant-cu-ulei-esential-de-brad-5-ml\/","title":{"rendered":"Jegenyefeny\u0151 ill\u00f3olajos illatos\u00edt\u00f3 5 ml"},"content":{"rendered":"<p><strong>A term\u00e9szet frissess\u00e9ge otthonodban<\/strong><\/p>\n<p>\u00c9lvezd az erdei fenyvesek friss\u00edt\u0151 illat\u00e1t illatos\u00edt\u00f3nkkal, amely tiszta feny\u0151 ill\u00f3olajjal k\u00e9sz\u00fclt, hogy otthonod vagy aut\u00f3d leveg\u0151j\u00e9t term\u00e9szetes, megnyugtat\u00f3 arom\u00e1val t\u00f6ltse meg. Ez az illatos\u00edt\u00f3 nemcsak kellemes illatot biztos\u00edt, hanem seg\u00edt a stressz cs\u00f6kkent\u00e9s\u00e9ben \u00e9s a t\u00e9r energi\u00e1j\u00e1nak friss\u00edt\u00e9s\u00e9ben.<\/p>\n<h3><strong>El\u0151ny\u00f6k:<\/strong><\/h3>\n<ul>\n<li><strong>Term\u00e9szetes, friss illat:<\/strong> A feny\u0151 ill\u00f3olaj friss, f\u00e1s jegyei tiszta, \u00fcde l\u00e9gk\u00f6rt teremtenek.<\/li>\n<li><strong>Nyugtat\u00f3 \u00e9s friss\u00edt\u0151 hat\u00e1s:<\/strong> A feny\u0151 illata k\u00f6zismerten stresszold\u00f3 \u00e9s nyugtat\u00f3, mik\u00f6zben felfriss\u00edti az elm\u00e9t.<\/li>\n<li><strong>Leveg\u0151tiszt\u00edt\u00f3 tulajdons\u00e1gok:<\/strong> A feny\u0151 ill\u00f3olaj term\u00e9szetes antibakteri\u00e1lis \u00e9s gombaellenes hat\u00e1s\u00fa, \u00edgy friss\u00edti \u00e9s tiszt\u00edtja a leveg\u0151t.<\/li>\n<li><strong>Sokoldal\u00fa felhaszn\u00e1l\u00e1s:<\/strong> Ide\u00e1lis otthonokba, irod\u00e1kba, aut\u00f3kba vagy kisebb helyekre, p\u00e9ld\u00e1ul szekr\u00e9nyekbe \u00e9s gardr\u00f3bokba.<\/li>\n<\/ul>","protected":false},"excerpt":{"rendered":"<p>Hozd be a term\u00e9szet nyugtat\u00f3 frissess\u00e9g\u00e9t otthonodba vagy aut\u00f3dba feny\u0151 ill\u00f3olajos illatos\u00edt\u00f3nkkal!<\/p>","protected":false},"featured_media":6520,"comment_status":"open","ping_status":"closed","template":"","meta":[],"product_brand":[],"product_cat":[35],"product_tag":[],"class_list":{"0":"post-6518","1":"product","2":"type-product","3":"status-publish","4":"has-post-thumbnail","6":"product_cat-odorizante","7":"rishi-post","9":"first","10":"instock","11":"shipping-taxable","12":"purchasable","13":"product-type-simple"},"yoast_head":"<!-- This site is optimized with the Yoast SEO plugin v27.6 - https:\/\/yoast.com\/product\/yoast-seo-wordpress\/ -->\n<title>Odorizant cu ulei esen\u021bial de brad 5 ml - Lavandula<\/title>\n<meta name=\"description\" content=\"Descoper\u0103 odorizantul cu ulei esen\u021bial de brad, ideal pentru a aduce prospe\u021bimea naturii \u00een casa sau ma\u0219ina ta, cu un parfum energizant \u0219i purificator.\" \/>\n<meta name=\"robots\" content=\"index, follow, max-snippet:-1, max-image-preview:large, max-video-preview:-1\" \/>\n<link rel=\"canonical\" href=\"https:\/\/lavandula.ro\/hu_hu\/termek\/odorizant-cu-ulei-esential-de-brad-5-ml\/\" \/>\n<meta property=\"og:locale\" content=\"hu_HU\" \/>\n<meta property=\"og:type\" content=\"article\" \/>\n<meta property=\"og:title\" content=\"Odorizant cu ulei esen\u021bial de brad 5 ml - Lavandula\" \/>\n<meta property=\"og:description\" content=\"Descoper\u0103 odorizantul cu ulei esen\u021bial de brad, ideal pentru a aduce prospe\u021bimea naturii \u00een casa sau ma\u0219ina ta, cu un parfum energizant \u0219i purificator.\" \/>\n<meta property=\"og:url\" content=\"https:\/\/lavandula.ro\/hu_hu\/termek\/odorizant-cu-ulei-esential-de-brad-5-ml\/\" \/>\n<meta property=\"og:site_name\" content=\"Lavandula\" \/>\n<meta property=\"article:publisher\" content=\"https:\/\/www.facebook.com\/Rlavandula\" \/>\n<meta property=\"article:modified_time\" content=\"2024-12-03T15:05:53+00:00\" \/>\n<meta property=\"og:image\" content=\"https:\/\/lavandula.ro\/wp-content\/uploads\/2024\/11\/Fauto2024.jpg\" \/>\n\t<meta property=\"og:image:width\" content=\"1080\" \/>\n\t<meta property=\"og:image:height\" content=\"1080\" \/>\n\t<meta property=\"og:image:type\" content=\"image\/jpeg\" \/>\n<meta name=\"twitter:card\" content=\"summary_large_image\" \/>\n<meta name=\"twitter:label1\" content=\"Becs\u00fclt olvas\u00e1si id\u0151\" \/>\n\t<meta name=\"twitter:data1\" content=\"1 perc\" \/>\n<script type=\"application\/ld+json\" class=\"yoast-schema-graph\">{\"@context\":\"https:\\\/\\\/schema.org\",\"@graph\":[{\"@type\":\"WebPage\",\"@id\":\"https:\\\/\\\/lavandula.ro\\\/produs\\\/odorizant-cu-ulei-esential-de-brad-5-ml\\\/\",\"url\":\"https:\\\/\\\/lavandula.ro\\\/produs\\\/odorizant-cu-ulei-esential-de-brad-5-ml\\\/\",\"name\":\"Odorizant cu ulei esen\u021bial de brad 5 ml - Lavandula\",\"isPartOf\":{\"@id\":\"https:\\\/\\\/lavandula.ro\\\/#website\"},\"primaryImageOfPage\":{\"@id\":\"https:\\\/\\\/lavandula.ro\\\/produs\\\/odorizant-cu-ulei-esential-de-brad-5-ml\\\/#primaryimage\"},\"image\":{\"@id\":\"https:\\\/\\\/lavandula.ro\\\/produs\\\/odorizant-cu-ulei-esential-de-brad-5-ml\\\/#primaryimage\"},\"thumbnailUrl\":\"https:\\\/\\\/lavandula.ro\\\/wp-content\\\/uploads\\\/2024\\\/11\\\/Fauto2024.jpg\",\"datePublished\":\"2024-11-25T18:29:40+00:00\",\"dateModified\":\"2024-12-03T15:05:53+00:00\",\"description\":\"Descoper\u0103 odorizantul cu ulei esen\u021bial de brad, ideal pentru a aduce prospe\u021bimea naturii \u00een casa sau ma\u0219ina ta, cu un parfum energizant \u0219i purificator.\",\"breadcrumb\":{\"@id\":\"https:\\\/\\\/lavandula.ro\\\/produs\\\/odorizant-cu-ulei-esential-de-brad-5-ml\\\/#breadcrumb\"},\"inLanguage\":\"hu\",\"potentialAction\":[{\"@type\":\"ReadAction\",\"target\":[\"https:\\\/\\\/lavandula.ro\\\/produs\\\/odorizant-cu-ulei-esential-de-brad-5-ml\\\/\"]}]},{\"@type\":\"ImageObject\",\"inLanguage\":\"hu\",\"@id\":\"https:\\\/\\\/lavandula.ro\\\/produs\\\/odorizant-cu-ulei-esential-de-brad-5-ml\\\/#primaryimage\",\"url\":\"https:\\\/\\\/lavandula.ro\\\/wp-content\\\/uploads\\\/2024\\\/11\\\/Fauto2024.jpg\",\"contentUrl\":\"https:\\\/\\\/lavandula.ro\\\/wp-content\\\/uploads\\\/2024\\\/11\\\/Fauto2024.jpg\",\"width\":1080,\"height\":1080,\"caption\":\"Lavandula.ro\"},{\"@type\":\"BreadcrumbList\",\"@id\":\"https:\\\/\\\/lavandula.ro\\\/produs\\\/odorizant-cu-ulei-esential-de-brad-5-ml\\\/#breadcrumb\",\"itemListElement\":[{\"@type\":\"ListItem\",\"position\":1,\"name\":\"Prima pagin\u0103\",\"item\":\"https:\\\/\\\/lavandula.ro\\\/\"},{\"@type\":\"ListItem\",\"position\":2,\"name\":\"Produse\",\"item\":\"https:\\\/\\\/lavandula.ro\\\/produse\\\/\"},{\"@type\":\"ListItem\",\"position\":3,\"name\":\"Odorizant cu ulei esen\u021bial de brad 5 ml\"}]},{\"@type\":\"WebSite\",\"@id\":\"https:\\\/\\\/lavandula.ro\\\/#website\",\"url\":\"https:\\\/\\\/lavandula.ro\\\/\",\"name\":\"Lavandula\",\"description\":\"Bine\u00een\u021beles natural!\",\"publisher\":{\"@id\":\"https:\\\/\\\/lavandula.ro\\\/#organization\"},\"potentialAction\":[{\"@type\":\"SearchAction\",\"target\":{\"@type\":\"EntryPoint\",\"urlTemplate\":\"https:\\\/\\\/lavandula.ro\\\/?s={search_term_string}\"},\"query-input\":{\"@type\":\"PropertyValueSpecification\",\"valueRequired\":true,\"valueName\":\"search_term_string\"}}],\"inLanguage\":\"hu\"},{\"@type\":\"Organization\",\"@id\":\"https:\\\/\\\/lavandula.ro\\\/#organization\",\"name\":\"Lavandula\",\"url\":\"https:\\\/\\\/lavandula.ro\\\/\",\"logo\":{\"@type\":\"ImageObject\",\"inLanguage\":\"hu\",\"@id\":\"https:\\\/\\\/lavandula.ro\\\/#\\\/schema\\\/logo\\\/image\\\/\",\"url\":\"https:\\\/\\\/lavandula.ro\\\/wp-content\\\/uploads\\\/2024\\\/08\\\/L.png\",\"contentUrl\":\"https:\\\/\\\/lavandula.ro\\\/wp-content\\\/uploads\\\/2024\\\/08\\\/L.png\",\"width\":1330,\"height\":592,\"caption\":\"Lavandula\"},\"image\":{\"@id\":\"https:\\\/\\\/lavandula.ro\\\/#\\\/schema\\\/logo\\\/image\\\/\"},\"sameAs\":[\"https:\\\/\\\/www.facebook.com\\\/Rlavandula\"]}]}<\/script>\n<!-- \/ Yoast SEO plugin. -->","yoast_head_json":{"title":"Odorizant cu ulei esen\u021bial de brad 5 ml - Lavandula","description":"Descoper\u0103 odorizantul cu ulei esen\u021bial de brad, ideal pentru a aduce prospe\u021bimea naturii \u00een casa sau ma\u0219ina ta, cu un parfum energizant \u0219i purificator.","robots":{"index":"index","follow":"follow","max-snippet":"max-snippet:-1","max-image-preview":"max-image-preview:large","max-video-preview":"max-video-preview:-1"},"canonical":"https:\/\/lavandula.ro\/hu_hu\/termek\/odorizant-cu-ulei-esential-de-brad-5-ml\/","og_locale":"hu_HU","og_type":"article","og_title":"Odorizant cu ulei esen\u021bial de brad 5 ml - Lavandula","og_description":"Descoper\u0103 odorizantul cu ulei esen\u021bial de brad, ideal pentru a aduce prospe\u021bimea naturii \u00een casa sau ma\u0219ina ta, cu un parfum energizant \u0219i purificator.","og_url":"https:\/\/lavandula.ro\/hu_hu\/termek\/odorizant-cu-ulei-esential-de-brad-5-ml\/","og_site_name":"Lavandula","article_publisher":"https:\/\/www.facebook.com\/Rlavandula","article_modified_time":"2024-12-03T15:05:53+00:00","og_image":[{"width":1080,"height":1080,"url":"https:\/\/lavandula.ro\/wp-content\/uploads\/2024\/11\/Fauto2024.jpg","type":"image\/jpeg"}],"twitter_card":"summary_large_image","twitter_misc":{"Becs\u00fclt olvas\u00e1si id\u0151":"1 perc"},"schema":{"@context":"https:\/\/schema.org","@graph":[{"@type":"WebPage","@id":"https:\/\/lavandula.ro\/produs\/odorizant-cu-ulei-esential-de-brad-5-ml\/","url":"https:\/\/lavandula.ro\/produs\/odorizant-cu-ulei-esential-de-brad-5-ml\/","name":"Odorizant cu ulei esen\u021bial de brad 5 ml - Lavandula","isPartOf":{"@id":"https:\/\/lavandula.ro\/#website"},"primaryImageOfPage":{"@id":"https:\/\/lavandula.ro\/produs\/odorizant-cu-ulei-esential-de-brad-5-ml\/#primaryimage"},"image":{"@id":"https:\/\/lavandula.ro\/produs\/odorizant-cu-ulei-esential-de-brad-5-ml\/#primaryimage"},"thumbnailUrl":"https:\/\/lavandula.ro\/wp-content\/uploads\/2024\/11\/Fauto2024.jpg","datePublished":"2024-11-25T18:29:40+00:00","dateModified":"2024-12-03T15:05:53+00:00","description":"Descoper\u0103 odorizantul cu ulei esen\u021bial de brad, ideal pentru a aduce prospe\u021bimea naturii \u00een casa sau ma\u0219ina ta, cu un parfum energizant \u0219i purificator.","breadcrumb":{"@id":"https:\/\/lavandula.ro\/produs\/odorizant-cu-ulei-esential-de-brad-5-ml\/#breadcrumb"},"inLanguage":"hu","potentialAction":[{"@type":"ReadAction","target":["https:\/\/lavandula.ro\/produs\/odorizant-cu-ulei-esential-de-brad-5-ml\/"]}]},{"@type":"ImageObject","inLanguage":"hu","@id":"https:\/\/lavandula.ro\/produs\/odorizant-cu-ulei-esential-de-brad-5-ml\/#primaryimage","url":"https:\/\/lavandula.ro\/wp-content\/uploads\/2024\/11\/Fauto2024.jpg","contentUrl":"https:\/\/lavandula.ro\/wp-content\/uploads\/2024\/11\/Fauto2024.jpg","width":1080,"height":1080,"caption":"Lavandula.ro"},{"@type":"BreadcrumbList","@id":"https:\/\/lavandula.ro\/produs\/odorizant-cu-ulei-esential-de-brad-5-ml\/#breadcrumb","itemListElement":[{"@type":"ListItem","position":1,"name":"Prima pagin\u0103","item":"https:\/\/lavandula.ro\/"},{"@type":"ListItem","position":2,"name":"Produse","item":"https:\/\/lavandula.ro\/produse\/"},{"@type":"ListItem","position":3,"name":"Odorizant cu ulei esen\u021bial de brad 5 ml"}]},{"@type":"WebSite","@id":"https:\/\/lavandula.ro\/#website","url":"https:\/\/lavandula.ro\/","name":"Lavandula","description":"Bine\u00een\u021beles natural!","publisher":{"@id":"https:\/\/lavandula.ro\/#organization"},"potentialAction":[{"@type":"SearchAction","target":{"@type":"EntryPoint","urlTemplate":"https:\/\/lavandula.ro\/?s={search_term_string}"},"query-input":{"@type":"PropertyValueSpecification","valueRequired":true,"valueName":"search_term_string"}}],"inLanguage":"hu"},{"@type":"Organization","@id":"https:\/\/lavandula.ro\/#organization","name":"Lavandula","url":"https:\/\/lavandula.ro\/","logo":{"@type":"ImageObject","inLanguage":"hu","@id":"https:\/\/lavandula.ro\/#\/schema\/logo\/image\/","url":"https:\/\/lavandula.ro\/wp-content\/uploads\/2024\/08\/L.png","contentUrl":"https:\/\/lavandula.ro\/wp-content\/uploads\/2024\/08\/L.png","width":1330,"height":592,"caption":"Lavandula"},"image":{"@id":"https:\/\/lavandula.ro\/#\/schema\/logo\/image\/"},"sameAs":["https:\/\/www.facebook.com\/Rlavandula"]}]}},"_links":{"self":[{"href":"https:\/\/lavandula.ro\/hu_hu\/wp-json\/wp\/v2\/product\/6518","targetHints":{"allow":["GET"]}}],"collection":[{"href":"https:\/\/lavandula.ro\/hu_hu\/wp-json\/wp\/v2\/product"}],"about":[{"href":"https:\/\/lavandula.ro\/hu_hu\/wp-json\/wp\/v2\/types\/product"}],"replies":[{"embeddable":true,"href":"https:\/\/lavandula.ro\/hu_hu\/wp-json\/wp\/v2\/comments?post=6518"}],"wp:featuredmedia":[{"embeddable":true,"href":"https:\/\/lavandula.ro\/hu_hu\/wp-json\/wp\/v2\/media\/6520"}],"wp:attachment":[{"href":"https:\/\/lavandula.ro\/hu_hu\/wp-json\/wp\/v2\/media?parent=6518"}],"wp:term":[{"taxonomy":"product_brand","embeddable":true,"href":"https:\/\/lavandula.ro\/hu_hu\/wp-json\/wp\/v2\/product_brand?post=6518"},{"taxonomy":"product_cat","embeddable":true,"href":"https:\/\/lavandula.ro\/hu_hu\/wp-json\/wp\/v2\/product_cat?post=6518"},{"taxonomy":"product_tag","embeddable":true,"href":"https:\/\/lavandula.ro\/hu_hu\/wp-json\/wp\/v2\/product_tag?post=6518"}],"curies":[{"name":"wp","href":"https:\/\/api.w.org\/{rel}","templated":true}]}}