{"id":6453,"date":"2024-09-16T10:08:04","date_gmt":"2024-09-16T08:08:04","guid":{"rendered":"https:\/\/lavandula.ro\/?post_type=product&#038;p=6453"},"modified":"2025-12-09T09:25:26","modified_gmt":"2025-12-09T07:25:26","slug":"colier-din-rasina-epoxidica","status":"publish","type":"product","link":"https:\/\/lavandula.ro\/hu_hu\/termek\/colier-din-rasina-epoxidica\/","title":{"rendered":"Epoxigyanta nyakl\u00e1nc"},"content":{"rendered":"<p>Egyedi levendula epoxigyanta \u00e9kszerek (nyakl\u00e1ncok).<\/p>","protected":false},"excerpt":{"rendered":"<p>Egyedi epoxigyanta \u00e9kszer (nyakl\u00e1nc).<\/p>\n<p>La finalizarea comenzii la rubrica Note comand\u0103 se trece codul din imagine al produsului dorit (LEL02, LEL03, LEL04, LEL05, LEL06, LEL07, LEL08, LEL09, LEL10, LEL12, LEL14, LEL15, LEL16, LEL17, LEL18, LEL19, LEL20, LEL21).<\/p>","protected":false},"featured_media":6664,"comment_status":"open","ping_status":"closed","template":"","meta":[],"product_brand":[],"product_cat":[61],"product_tag":[],"class_list":{"0":"post-6453","1":"product","2":"type-product","3":"status-publish","4":"has-post-thumbnail","6":"product_cat-bijuterii","7":"rishi-post","9":"first","10":"outofstock","11":"sale","12":"shipping-taxable","13":"purchasable","14":"product-type-simple"},"yoast_head":"<!-- This site is optimized with the Yoast SEO plugin v27.6 - https:\/\/yoast.com\/product\/yoast-seo-wordpress\/ -->\n<title>Colier din r\u0103\u0219in\u0103 epoxidic\u0103 - Lavandula<\/title>\n<meta name=\"description\" content=\"Descoper\u0103 seturile de bijuterii din r\u0103\u0219in\u0103 epoxidic\u0103, lucrate manual, care aduc un strop de originalitate \u0219i rafinament oric\u0103rei \u021binute.\" \/>\n<meta name=\"robots\" content=\"index, follow, max-snippet:-1, max-image-preview:large, max-video-preview:-1\" \/>\n<link rel=\"canonical\" href=\"https:\/\/lavandula.ro\/hu_hu\/termek\/colier-din-rasina-epoxidica\/\" \/>\n<meta property=\"og:locale\" content=\"hu_HU\" \/>\n<meta property=\"og:type\" content=\"article\" \/>\n<meta property=\"og:title\" content=\"Colier din r\u0103\u0219in\u0103 epoxidic\u0103 - Lavandula\" \/>\n<meta property=\"og:description\" content=\"Descoper\u0103 seturile de bijuterii din r\u0103\u0219in\u0103 epoxidic\u0103, lucrate manual, care aduc un strop de originalitate \u0219i rafinament oric\u0103rei \u021binute.\" \/>\n<meta property=\"og:url\" content=\"https:\/\/lavandula.ro\/hu_hu\/termek\/colier-din-rasina-epoxidica\/\" \/>\n<meta property=\"og:site_name\" content=\"Lavandula\" \/>\n<meta property=\"article:publisher\" content=\"https:\/\/www.facebook.com\/Rlavandula\" \/>\n<meta property=\"article:modified_time\" content=\"2025-12-09T07:25:26+00:00\" \/>\n<meta property=\"og:image\" content=\"https:\/\/lavandula.ro\/wp-content\/uploads\/2024\/09\/LEL21.jpg\" \/>\n\t<meta property=\"og:image:width\" content=\"1080\" \/>\n\t<meta property=\"og:image:height\" content=\"1080\" \/>\n\t<meta property=\"og:image:type\" content=\"image\/jpeg\" \/>\n<meta name=\"twitter:card\" content=\"summary_large_image\" \/>\n<meta name=\"twitter:label1\" content=\"Becs\u00fclt olvas\u00e1si id\u0151\" \/>\n\t<meta name=\"twitter:data1\" content=\"1 perc\" \/>\n<script type=\"application\/ld+json\" class=\"yoast-schema-graph\">{\"@context\":\"https:\\\/\\\/schema.org\",\"@graph\":[{\"@type\":\"WebPage\",\"@id\":\"https:\\\/\\\/lavandula.ro\\\/produs\\\/colier-din-rasina-epoxidica\\\/\",\"url\":\"https:\\\/\\\/lavandula.ro\\\/produs\\\/colier-din-rasina-epoxidica\\\/\",\"name\":\"Colier din r\u0103\u0219in\u0103 epoxidic\u0103 - Lavandula\",\"isPartOf\":{\"@id\":\"https:\\\/\\\/lavandula.ro\\\/#website\"},\"primaryImageOfPage\":{\"@id\":\"https:\\\/\\\/lavandula.ro\\\/produs\\\/colier-din-rasina-epoxidica\\\/#primaryimage\"},\"image\":{\"@id\":\"https:\\\/\\\/lavandula.ro\\\/produs\\\/colier-din-rasina-epoxidica\\\/#primaryimage\"},\"thumbnailUrl\":\"https:\\\/\\\/lavandula.ro\\\/wp-content\\\/uploads\\\/2024\\\/09\\\/LEL21.jpg\",\"datePublished\":\"2024-09-16T08:08:04+00:00\",\"dateModified\":\"2025-12-09T07:25:26+00:00\",\"description\":\"Descoper\u0103 seturile de bijuterii din r\u0103\u0219in\u0103 epoxidic\u0103, lucrate manual, care aduc un strop de originalitate \u0219i rafinament oric\u0103rei \u021binute.\",\"breadcrumb\":{\"@id\":\"https:\\\/\\\/lavandula.ro\\\/produs\\\/colier-din-rasina-epoxidica\\\/#breadcrumb\"},\"inLanguage\":\"hu\",\"potentialAction\":[{\"@type\":\"ReadAction\",\"target\":[\"https:\\\/\\\/lavandula.ro\\\/produs\\\/colier-din-rasina-epoxidica\\\/\"]}]},{\"@type\":\"ImageObject\",\"inLanguage\":\"hu\",\"@id\":\"https:\\\/\\\/lavandula.ro\\\/produs\\\/colier-din-rasina-epoxidica\\\/#primaryimage\",\"url\":\"https:\\\/\\\/lavandula.ro\\\/wp-content\\\/uploads\\\/2024\\\/09\\\/LEL21.jpg\",\"contentUrl\":\"https:\\\/\\\/lavandula.ro\\\/wp-content\\\/uploads\\\/2024\\\/09\\\/LEL21.jpg\",\"width\":1080,\"height\":1080,\"caption\":\"Lavandula.ro\"},{\"@type\":\"BreadcrumbList\",\"@id\":\"https:\\\/\\\/lavandula.ro\\\/produs\\\/colier-din-rasina-epoxidica\\\/#breadcrumb\",\"itemListElement\":[{\"@type\":\"ListItem\",\"position\":1,\"name\":\"Prima pagin\u0103\",\"item\":\"https:\\\/\\\/lavandula.ro\\\/\"},{\"@type\":\"ListItem\",\"position\":2,\"name\":\"Produse\",\"item\":\"https:\\\/\\\/lavandula.ro\\\/produse\\\/\"},{\"@type\":\"ListItem\",\"position\":3,\"name\":\"Colier din r\u0103\u0219in\u0103 epoxidic\u0103\"}]},{\"@type\":\"WebSite\",\"@id\":\"https:\\\/\\\/lavandula.ro\\\/#website\",\"url\":\"https:\\\/\\\/lavandula.ro\\\/\",\"name\":\"Lavandula\",\"description\":\"Bine\u00een\u021beles natural!\",\"publisher\":{\"@id\":\"https:\\\/\\\/lavandula.ro\\\/#organization\"},\"potentialAction\":[{\"@type\":\"SearchAction\",\"target\":{\"@type\":\"EntryPoint\",\"urlTemplate\":\"https:\\\/\\\/lavandula.ro\\\/?s={search_term_string}\"},\"query-input\":{\"@type\":\"PropertyValueSpecification\",\"valueRequired\":true,\"valueName\":\"search_term_string\"}}],\"inLanguage\":\"hu\"},{\"@type\":\"Organization\",\"@id\":\"https:\\\/\\\/lavandula.ro\\\/#organization\",\"name\":\"Lavandula\",\"url\":\"https:\\\/\\\/lavandula.ro\\\/\",\"logo\":{\"@type\":\"ImageObject\",\"inLanguage\":\"hu\",\"@id\":\"https:\\\/\\\/lavandula.ro\\\/#\\\/schema\\\/logo\\\/image\\\/\",\"url\":\"https:\\\/\\\/lavandula.ro\\\/wp-content\\\/uploads\\\/2024\\\/08\\\/L.png\",\"contentUrl\":\"https:\\\/\\\/lavandula.ro\\\/wp-content\\\/uploads\\\/2024\\\/08\\\/L.png\",\"width\":1330,\"height\":592,\"caption\":\"Lavandula\"},\"image\":{\"@id\":\"https:\\\/\\\/lavandula.ro\\\/#\\\/schema\\\/logo\\\/image\\\/\"},\"sameAs\":[\"https:\\\/\\\/www.facebook.com\\\/Rlavandula\"]}]}<\/script>\n<!-- \/ Yoast SEO plugin. -->","yoast_head_json":{"title":"Colier din r\u0103\u0219in\u0103 epoxidic\u0103 - Lavandula","description":"Descoper\u0103 seturile de bijuterii din r\u0103\u0219in\u0103 epoxidic\u0103, lucrate manual, care aduc un strop de originalitate \u0219i rafinament oric\u0103rei \u021binute.","robots":{"index":"index","follow":"follow","max-snippet":"max-snippet:-1","max-image-preview":"max-image-preview:large","max-video-preview":"max-video-preview:-1"},"canonical":"https:\/\/lavandula.ro\/hu_hu\/termek\/colier-din-rasina-epoxidica\/","og_locale":"hu_HU","og_type":"article","og_title":"Colier din r\u0103\u0219in\u0103 epoxidic\u0103 - Lavandula","og_description":"Descoper\u0103 seturile de bijuterii din r\u0103\u0219in\u0103 epoxidic\u0103, lucrate manual, care aduc un strop de originalitate \u0219i rafinament oric\u0103rei \u021binute.","og_url":"https:\/\/lavandula.ro\/hu_hu\/termek\/colier-din-rasina-epoxidica\/","og_site_name":"Lavandula","article_publisher":"https:\/\/www.facebook.com\/Rlavandula","article_modified_time":"2025-12-09T07:25:26+00:00","og_image":[{"width":1080,"height":1080,"url":"https:\/\/lavandula.ro\/wp-content\/uploads\/2024\/09\/LEL21.jpg","type":"image\/jpeg"}],"twitter_card":"summary_large_image","twitter_misc":{"Becs\u00fclt olvas\u00e1si id\u0151":"1 perc"},"schema":{"@context":"https:\/\/schema.org","@graph":[{"@type":"WebPage","@id":"https:\/\/lavandula.ro\/produs\/colier-din-rasina-epoxidica\/","url":"https:\/\/lavandula.ro\/produs\/colier-din-rasina-epoxidica\/","name":"Colier din r\u0103\u0219in\u0103 epoxidic\u0103 - Lavandula","isPartOf":{"@id":"https:\/\/lavandula.ro\/#website"},"primaryImageOfPage":{"@id":"https:\/\/lavandula.ro\/produs\/colier-din-rasina-epoxidica\/#primaryimage"},"image":{"@id":"https:\/\/lavandula.ro\/produs\/colier-din-rasina-epoxidica\/#primaryimage"},"thumbnailUrl":"https:\/\/lavandula.ro\/wp-content\/uploads\/2024\/09\/LEL21.jpg","datePublished":"2024-09-16T08:08:04+00:00","dateModified":"2025-12-09T07:25:26+00:00","description":"Descoper\u0103 seturile de bijuterii din r\u0103\u0219in\u0103 epoxidic\u0103, lucrate manual, care aduc un strop de originalitate \u0219i rafinament oric\u0103rei \u021binute.","breadcrumb":{"@id":"https:\/\/lavandula.ro\/produs\/colier-din-rasina-epoxidica\/#breadcrumb"},"inLanguage":"hu","potentialAction":[{"@type":"ReadAction","target":["https:\/\/lavandula.ro\/produs\/colier-din-rasina-epoxidica\/"]}]},{"@type":"ImageObject","inLanguage":"hu","@id":"https:\/\/lavandula.ro\/produs\/colier-din-rasina-epoxidica\/#primaryimage","url":"https:\/\/lavandula.ro\/wp-content\/uploads\/2024\/09\/LEL21.jpg","contentUrl":"https:\/\/lavandula.ro\/wp-content\/uploads\/2024\/09\/LEL21.jpg","width":1080,"height":1080,"caption":"Lavandula.ro"},{"@type":"BreadcrumbList","@id":"https:\/\/lavandula.ro\/produs\/colier-din-rasina-epoxidica\/#breadcrumb","itemListElement":[{"@type":"ListItem","position":1,"name":"Prima pagin\u0103","item":"https:\/\/lavandula.ro\/"},{"@type":"ListItem","position":2,"name":"Produse","item":"https:\/\/lavandula.ro\/produse\/"},{"@type":"ListItem","position":3,"name":"Colier din r\u0103\u0219in\u0103 epoxidic\u0103"}]},{"@type":"WebSite","@id":"https:\/\/lavandula.ro\/#website","url":"https:\/\/lavandula.ro\/","name":"Lavandula","description":"Bine\u00een\u021beles natural!","publisher":{"@id":"https:\/\/lavandula.ro\/#organization"},"potentialAction":[{"@type":"SearchAction","target":{"@type":"EntryPoint","urlTemplate":"https:\/\/lavandula.ro\/?s={search_term_string}"},"query-input":{"@type":"PropertyValueSpecification","valueRequired":true,"valueName":"search_term_string"}}],"inLanguage":"hu"},{"@type":"Organization","@id":"https:\/\/lavandula.ro\/#organization","name":"Lavandula","url":"https:\/\/lavandula.ro\/","logo":{"@type":"ImageObject","inLanguage":"hu","@id":"https:\/\/lavandula.ro\/#\/schema\/logo\/image\/","url":"https:\/\/lavandula.ro\/wp-content\/uploads\/2024\/08\/L.png","contentUrl":"https:\/\/lavandula.ro\/wp-content\/uploads\/2024\/08\/L.png","width":1330,"height":592,"caption":"Lavandula"},"image":{"@id":"https:\/\/lavandula.ro\/#\/schema\/logo\/image\/"},"sameAs":["https:\/\/www.facebook.com\/Rlavandula"]}]}},"_links":{"self":[{"href":"https:\/\/lavandula.ro\/hu_hu\/wp-json\/wp\/v2\/product\/6453","targetHints":{"allow":["GET"]}}],"collection":[{"href":"https:\/\/lavandula.ro\/hu_hu\/wp-json\/wp\/v2\/product"}],"about":[{"href":"https:\/\/lavandula.ro\/hu_hu\/wp-json\/wp\/v2\/types\/product"}],"replies":[{"embeddable":true,"href":"https:\/\/lavandula.ro\/hu_hu\/wp-json\/wp\/v2\/comments?post=6453"}],"wp:featuredmedia":[{"embeddable":true,"href":"https:\/\/lavandula.ro\/hu_hu\/wp-json\/wp\/v2\/media\/6664"}],"wp:attachment":[{"href":"https:\/\/lavandula.ro\/hu_hu\/wp-json\/wp\/v2\/media?parent=6453"}],"wp:term":[{"taxonomy":"product_brand","embeddable":true,"href":"https:\/\/lavandula.ro\/hu_hu\/wp-json\/wp\/v2\/product_brand?post=6453"},{"taxonomy":"product_cat","embeddable":true,"href":"https:\/\/lavandula.ro\/hu_hu\/wp-json\/wp\/v2\/product_cat?post=6453"},{"taxonomy":"product_tag","embeddable":true,"href":"https:\/\/lavandula.ro\/hu_hu\/wp-json\/wp\/v2\/product_tag?post=6453"}],"curies":[{"name":"wp","href":"https:\/\/api.w.org\/{rel}","templated":true}]}}