{"id":6420,"date":"2024-09-14T20:25:43","date_gmt":"2024-09-14T18:25:43","guid":{"rendered":"https:\/\/lavandula.ro\/?post_type=product&#038;p=6420"},"modified":"2024-09-15T19:16:13","modified_gmt":"2024-09-15T17:16:13","slug":"pisicuta-plus-cu-lavanda","status":"publish","type":"product","link":"https:\/\/lavandula.ro\/hu_hu\/termek\/pisicuta-plus-cu-lavanda\/","title":{"rendered":"Pl\u00fcss cica levendul\u00e1val"},"content":{"rendered":"<p>Egy pl\u00fcss, amelybe a kicsik biztosan beleszeretnek, levendula arom\u00e1j\u00e1nak k\u00f6sz\u00f6nhet\u0151en ez a kieg\u00e9sz\u00edt\u0151 megb\u00edzhat\u00f3 bar\u00e1t lehet aut\u00f3s kir\u00e1ndul\u00e1sokon, nyaral\u00e1sokon vagy egy\u00e9b k\u00f6z\u00f6s utaz\u00e1sokon.<\/p>\n<p>Levendula pl\u00fcsseink 100% pamutb\u00f3l vannak varrva, a t\u00f6ltel\u00e9k belsej\u00e9ben vatta van \u00e9s 5-40 g sz\u00e1r\u00edtott levendula vir\u00e1got tartalmaznak.<\/p>\n<p>Laz\u00edtson egy pl\u00fcss levendula cic\u00e1val, amely egy im\u00e1dnival\u00f3 \u00e9s illatos t\u00e1rs, amely t\u00f6k\u00e9letes a megnyugtat\u00f3 \u00e9s nyugodt alv\u00e1shoz.<\/p>","protected":false},"excerpt":{"rendered":"<p class=\"translation-block\">Nyugtat\u00f3 pl\u00fcss cica levendul\u00e1val aromater\u00e1pi\u00e1s \u00e9s ter\u00e1pi\u00e1s hat\u00e1s\u00fa a belsej\u00e9ben tal\u00e1lhat\u00f3 levendula miatt, ide\u00e1lis a kicsiknek.<\/p>\n<p>M\u00e9retek: 21x14x5 cm<\/p>\n<p>A megrendel\u00e9s kit\u00f6lt\u00e9sekor a rendel\u00e9si Megjegyz\u00e9sek oszlopba \u00edrja be a k\u00edv\u00e1nt term\u00e9k k\u00e9p\u00e9n l\u00e1that\u00f3 k\u00f3dot (LPN01, LPN02, LPN03, LPN04, LPN05, LPN06).<\/p>","protected":false},"featured_media":6421,"comment_status":"open","ping_status":"closed","template":"","meta":[],"product_brand":[],"product_cat":[37,36],"product_tag":[],"class_list":{"0":"post-6420","1":"product","2":"type-product","3":"status-publish","4":"has-post-thumbnail","6":"product_cat-decoratiuni","7":"product_cat-ingrijire-personala","8":"rishi-post","10":"first","11":"instock","12":"shipping-taxable","13":"purchasable","14":"product-type-simple"},"yoast_head":"<!-- This site is optimized with the Yoast SEO plugin v27.6 - https:\/\/yoast.com\/product\/yoast-seo-wordpress\/ -->\n<title>Pisicu\u021b\u0103 plu\u0219 cu lavand\u0103 - Lavandula<\/title>\n<meta name=\"description\" content=\"Descoper\u0103 pisicu\u021bele plu\u0219 cu lavand\u0103, juc\u0103rii pufoase \u0219i parfumate, ideale pentru relaxare \u0219i un somn odihnitor. Un cadou perfect pentru toate v\u00e2rstele.\" \/>\n<meta name=\"robots\" content=\"index, follow, max-snippet:-1, max-image-preview:large, max-video-preview:-1\" \/>\n<link rel=\"canonical\" href=\"https:\/\/lavandula.ro\/hu_hu\/termek\/pisicuta-plus-cu-lavanda\/\" \/>\n<meta property=\"og:locale\" content=\"hu_HU\" \/>\n<meta property=\"og:type\" content=\"article\" \/>\n<meta property=\"og:title\" content=\"Pisicu\u021b\u0103 plu\u0219 cu lavand\u0103 - Lavandula\" \/>\n<meta property=\"og:description\" content=\"Descoper\u0103 pisicu\u021bele plu\u0219 cu lavand\u0103, juc\u0103rii pufoase \u0219i parfumate, ideale pentru relaxare \u0219i un somn odihnitor. Un cadou perfect pentru toate v\u00e2rstele.\" \/>\n<meta property=\"og:url\" content=\"https:\/\/lavandula.ro\/hu_hu\/termek\/pisicuta-plus-cu-lavanda\/\" \/>\n<meta property=\"og:site_name\" content=\"Lavandula\" \/>\n<meta property=\"article:publisher\" content=\"https:\/\/www.facebook.com\/Rlavandula\" \/>\n<meta property=\"article:modified_time\" content=\"2024-09-15T17:16:13+00:00\" \/>\n<meta property=\"og:image\" content=\"https:\/\/lavandula.ro\/wp-content\/uploads\/2024\/09\/Lpluss01.jpg\" \/>\n\t<meta property=\"og:image:width\" content=\"1080\" \/>\n\t<meta property=\"og:image:height\" content=\"1080\" \/>\n\t<meta property=\"og:image:type\" content=\"image\/jpeg\" \/>\n<meta name=\"twitter:card\" content=\"summary_large_image\" \/>\n<meta name=\"twitter:label1\" content=\"Becs\u00fclt olvas\u00e1si id\u0151\" \/>\n\t<meta name=\"twitter:data1\" content=\"1 perc\" \/>\n<script type=\"application\/ld+json\" class=\"yoast-schema-graph\">{\"@context\":\"https:\\\/\\\/schema.org\",\"@graph\":[{\"@type\":\"WebPage\",\"@id\":\"https:\\\/\\\/lavandula.ro\\\/produs\\\/pisicuta-plus-cu-lavanda\\\/\",\"url\":\"https:\\\/\\\/lavandula.ro\\\/produs\\\/pisicuta-plus-cu-lavanda\\\/\",\"name\":\"Pisicu\u021b\u0103 plu\u0219 cu lavand\u0103 - Lavandula\",\"isPartOf\":{\"@id\":\"https:\\\/\\\/lavandula.ro\\\/#website\"},\"primaryImageOfPage\":{\"@id\":\"https:\\\/\\\/lavandula.ro\\\/produs\\\/pisicuta-plus-cu-lavanda\\\/#primaryimage\"},\"image\":{\"@id\":\"https:\\\/\\\/lavandula.ro\\\/produs\\\/pisicuta-plus-cu-lavanda\\\/#primaryimage\"},\"thumbnailUrl\":\"https:\\\/\\\/lavandula.ro\\\/wp-content\\\/uploads\\\/2024\\\/09\\\/Lpluss01.jpg\",\"datePublished\":\"2024-09-14T18:25:43+00:00\",\"dateModified\":\"2024-09-15T17:16:13+00:00\",\"description\":\"Descoper\u0103 pisicu\u021bele plu\u0219 cu lavand\u0103, juc\u0103rii pufoase \u0219i parfumate, ideale pentru relaxare \u0219i un somn odihnitor. Un cadou perfect pentru toate v\u00e2rstele.\",\"breadcrumb\":{\"@id\":\"https:\\\/\\\/lavandula.ro\\\/produs\\\/pisicuta-plus-cu-lavanda\\\/#breadcrumb\"},\"inLanguage\":\"hu\",\"potentialAction\":[{\"@type\":\"ReadAction\",\"target\":[\"https:\\\/\\\/lavandula.ro\\\/produs\\\/pisicuta-plus-cu-lavanda\\\/\"]}]},{\"@type\":\"ImageObject\",\"inLanguage\":\"hu\",\"@id\":\"https:\\\/\\\/lavandula.ro\\\/produs\\\/pisicuta-plus-cu-lavanda\\\/#primaryimage\",\"url\":\"https:\\\/\\\/lavandula.ro\\\/wp-content\\\/uploads\\\/2024\\\/09\\\/Lpluss01.jpg\",\"contentUrl\":\"https:\\\/\\\/lavandula.ro\\\/wp-content\\\/uploads\\\/2024\\\/09\\\/Lpluss01.jpg\",\"width\":1080,\"height\":1080,\"caption\":\"Lavandula.ro\"},{\"@type\":\"BreadcrumbList\",\"@id\":\"https:\\\/\\\/lavandula.ro\\\/produs\\\/pisicuta-plus-cu-lavanda\\\/#breadcrumb\",\"itemListElement\":[{\"@type\":\"ListItem\",\"position\":1,\"name\":\"Prima pagin\u0103\",\"item\":\"https:\\\/\\\/lavandula.ro\\\/\"},{\"@type\":\"ListItem\",\"position\":2,\"name\":\"Produse\",\"item\":\"https:\\\/\\\/lavandula.ro\\\/produse\\\/\"},{\"@type\":\"ListItem\",\"position\":3,\"name\":\"Pisicu\u021b\u0103 plu\u0219 cu lavand\u0103\"}]},{\"@type\":\"WebSite\",\"@id\":\"https:\\\/\\\/lavandula.ro\\\/#website\",\"url\":\"https:\\\/\\\/lavandula.ro\\\/\",\"name\":\"Lavandula\",\"description\":\"Bine\u00een\u021beles natural!\",\"publisher\":{\"@id\":\"https:\\\/\\\/lavandula.ro\\\/#organization\"},\"potentialAction\":[{\"@type\":\"SearchAction\",\"target\":{\"@type\":\"EntryPoint\",\"urlTemplate\":\"https:\\\/\\\/lavandula.ro\\\/?s={search_term_string}\"},\"query-input\":{\"@type\":\"PropertyValueSpecification\",\"valueRequired\":true,\"valueName\":\"search_term_string\"}}],\"inLanguage\":\"hu\"},{\"@type\":\"Organization\",\"@id\":\"https:\\\/\\\/lavandula.ro\\\/#organization\",\"name\":\"Lavandula\",\"url\":\"https:\\\/\\\/lavandula.ro\\\/\",\"logo\":{\"@type\":\"ImageObject\",\"inLanguage\":\"hu\",\"@id\":\"https:\\\/\\\/lavandula.ro\\\/#\\\/schema\\\/logo\\\/image\\\/\",\"url\":\"https:\\\/\\\/lavandula.ro\\\/wp-content\\\/uploads\\\/2024\\\/08\\\/L.png\",\"contentUrl\":\"https:\\\/\\\/lavandula.ro\\\/wp-content\\\/uploads\\\/2024\\\/08\\\/L.png\",\"width\":1330,\"height\":592,\"caption\":\"Lavandula\"},\"image\":{\"@id\":\"https:\\\/\\\/lavandula.ro\\\/#\\\/schema\\\/logo\\\/image\\\/\"},\"sameAs\":[\"https:\\\/\\\/www.facebook.com\\\/Rlavandula\"]}]}<\/script>\n<!-- \/ Yoast SEO plugin. -->","yoast_head_json":{"title":"Pisicu\u021b\u0103 plu\u0219 cu lavand\u0103 - Lavandula","description":"Descoper\u0103 pisicu\u021bele plu\u0219 cu lavand\u0103, juc\u0103rii pufoase \u0219i parfumate, ideale pentru relaxare \u0219i un somn odihnitor. Un cadou perfect pentru toate v\u00e2rstele.","robots":{"index":"index","follow":"follow","max-snippet":"max-snippet:-1","max-image-preview":"max-image-preview:large","max-video-preview":"max-video-preview:-1"},"canonical":"https:\/\/lavandula.ro\/hu_hu\/termek\/pisicuta-plus-cu-lavanda\/","og_locale":"hu_HU","og_type":"article","og_title":"Pisicu\u021b\u0103 plu\u0219 cu lavand\u0103 - Lavandula","og_description":"Descoper\u0103 pisicu\u021bele plu\u0219 cu lavand\u0103, juc\u0103rii pufoase \u0219i parfumate, ideale pentru relaxare \u0219i un somn odihnitor. Un cadou perfect pentru toate v\u00e2rstele.","og_url":"https:\/\/lavandula.ro\/hu_hu\/termek\/pisicuta-plus-cu-lavanda\/","og_site_name":"Lavandula","article_publisher":"https:\/\/www.facebook.com\/Rlavandula","article_modified_time":"2024-09-15T17:16:13+00:00","og_image":[{"width":1080,"height":1080,"url":"https:\/\/lavandula.ro\/wp-content\/uploads\/2024\/09\/Lpluss01.jpg","type":"image\/jpeg"}],"twitter_card":"summary_large_image","twitter_misc":{"Becs\u00fclt olvas\u00e1si id\u0151":"1 perc"},"schema":{"@context":"https:\/\/schema.org","@graph":[{"@type":"WebPage","@id":"https:\/\/lavandula.ro\/produs\/pisicuta-plus-cu-lavanda\/","url":"https:\/\/lavandula.ro\/produs\/pisicuta-plus-cu-lavanda\/","name":"Pisicu\u021b\u0103 plu\u0219 cu lavand\u0103 - Lavandula","isPartOf":{"@id":"https:\/\/lavandula.ro\/#website"},"primaryImageOfPage":{"@id":"https:\/\/lavandula.ro\/produs\/pisicuta-plus-cu-lavanda\/#primaryimage"},"image":{"@id":"https:\/\/lavandula.ro\/produs\/pisicuta-plus-cu-lavanda\/#primaryimage"},"thumbnailUrl":"https:\/\/lavandula.ro\/wp-content\/uploads\/2024\/09\/Lpluss01.jpg","datePublished":"2024-09-14T18:25:43+00:00","dateModified":"2024-09-15T17:16:13+00:00","description":"Descoper\u0103 pisicu\u021bele plu\u0219 cu lavand\u0103, juc\u0103rii pufoase \u0219i parfumate, ideale pentru relaxare \u0219i un somn odihnitor. Un cadou perfect pentru toate v\u00e2rstele.","breadcrumb":{"@id":"https:\/\/lavandula.ro\/produs\/pisicuta-plus-cu-lavanda\/#breadcrumb"},"inLanguage":"hu","potentialAction":[{"@type":"ReadAction","target":["https:\/\/lavandula.ro\/produs\/pisicuta-plus-cu-lavanda\/"]}]},{"@type":"ImageObject","inLanguage":"hu","@id":"https:\/\/lavandula.ro\/produs\/pisicuta-plus-cu-lavanda\/#primaryimage","url":"https:\/\/lavandula.ro\/wp-content\/uploads\/2024\/09\/Lpluss01.jpg","contentUrl":"https:\/\/lavandula.ro\/wp-content\/uploads\/2024\/09\/Lpluss01.jpg","width":1080,"height":1080,"caption":"Lavandula.ro"},{"@type":"BreadcrumbList","@id":"https:\/\/lavandula.ro\/produs\/pisicuta-plus-cu-lavanda\/#breadcrumb","itemListElement":[{"@type":"ListItem","position":1,"name":"Prima pagin\u0103","item":"https:\/\/lavandula.ro\/"},{"@type":"ListItem","position":2,"name":"Produse","item":"https:\/\/lavandula.ro\/produse\/"},{"@type":"ListItem","position":3,"name":"Pisicu\u021b\u0103 plu\u0219 cu lavand\u0103"}]},{"@type":"WebSite","@id":"https:\/\/lavandula.ro\/#website","url":"https:\/\/lavandula.ro\/","name":"Lavandula","description":"Bine\u00een\u021beles natural!","publisher":{"@id":"https:\/\/lavandula.ro\/#organization"},"potentialAction":[{"@type":"SearchAction","target":{"@type":"EntryPoint","urlTemplate":"https:\/\/lavandula.ro\/?s={search_term_string}"},"query-input":{"@type":"PropertyValueSpecification","valueRequired":true,"valueName":"search_term_string"}}],"inLanguage":"hu"},{"@type":"Organization","@id":"https:\/\/lavandula.ro\/#organization","name":"Lavandula","url":"https:\/\/lavandula.ro\/","logo":{"@type":"ImageObject","inLanguage":"hu","@id":"https:\/\/lavandula.ro\/#\/schema\/logo\/image\/","url":"https:\/\/lavandula.ro\/wp-content\/uploads\/2024\/08\/L.png","contentUrl":"https:\/\/lavandula.ro\/wp-content\/uploads\/2024\/08\/L.png","width":1330,"height":592,"caption":"Lavandula"},"image":{"@id":"https:\/\/lavandula.ro\/#\/schema\/logo\/image\/"},"sameAs":["https:\/\/www.facebook.com\/Rlavandula"]}]}},"_links":{"self":[{"href":"https:\/\/lavandula.ro\/hu_hu\/wp-json\/wp\/v2\/product\/6420","targetHints":{"allow":["GET"]}}],"collection":[{"href":"https:\/\/lavandula.ro\/hu_hu\/wp-json\/wp\/v2\/product"}],"about":[{"href":"https:\/\/lavandula.ro\/hu_hu\/wp-json\/wp\/v2\/types\/product"}],"replies":[{"embeddable":true,"href":"https:\/\/lavandula.ro\/hu_hu\/wp-json\/wp\/v2\/comments?post=6420"}],"wp:featuredmedia":[{"embeddable":true,"href":"https:\/\/lavandula.ro\/hu_hu\/wp-json\/wp\/v2\/media\/6421"}],"wp:attachment":[{"href":"https:\/\/lavandula.ro\/hu_hu\/wp-json\/wp\/v2\/media?parent=6420"}],"wp:term":[{"taxonomy":"product_brand","embeddable":true,"href":"https:\/\/lavandula.ro\/hu_hu\/wp-json\/wp\/v2\/product_brand?post=6420"},{"taxonomy":"product_cat","embeddable":true,"href":"https:\/\/lavandula.ro\/hu_hu\/wp-json\/wp\/v2\/product_cat?post=6420"},{"taxonomy":"product_tag","embeddable":true,"href":"https:\/\/lavandula.ro\/hu_hu\/wp-json\/wp\/v2\/product_tag?post=6420"}],"curies":[{"name":"wp","href":"https:\/\/api.w.org\/{rel}","templated":true}]}}