{"id":6410,"date":"2024-09-14T14:05:27","date_gmt":"2024-09-14T12:05:27","guid":{"rendered":"https:\/\/lavandula.ro\/?post_type=product&#038;p=6410"},"modified":"2024-09-14T14:05:28","modified_gmt":"2024-09-14T12:05:28","slug":"condiment-lavanda-macinata-20-g","status":"publish","type":"product","link":"https:\/\/lavandula.ro\/hu_hu\/termek\/condiment-lavanda-macinata-20-g\/","title":{"rendered":"\u0150r\u00f6lt levendula f\u0171szer 20 g"},"content":{"rendered":"<p>Adjon finom \u00e9s vir\u00e1gos \u00edzt \u00e9teleihez az \u0151r\u00f6lt levendula f\u0171szerrel, amely t\u00f6k\u00e9letes desszertekhez \u00e9s finom \u00e9telekhez.<\/p>\n<p>Az \u0151r\u00f6lt levendula f\u0171szer finom vir\u00e1gos jegyeket k\u00f6lcs\u00f6n\u00f6z a desszerteknek \u00e9s \u00e9teleknek, ide\u00e1lis azok sz\u00e1m\u00e1ra, akik kifinomult \u00e9s term\u00e9szetes \u00edzekre v\u00e1gynak.<\/p>\n<p>S\u00fctem\u00e9nyekhez, sz\u00f3szokhoz, h\u00fasokhoz kiv\u00e1l\u00f3, nem kell d\u00f6rzs\u00f6lni, apr\u00edtani, \u00e9s nem marad magk\u00e9nt az \u00e9telben, \u00edgy elker\u00fclhet\u0151 a kellemetlen \"r\u00e1harap\u00e1s\" \u00e9rz\u00e9se.<\/p>","protected":false},"excerpt":{"rendered":"<p>Kiv\u00e1l\u00f3an alkalmas s\u00fctem\u00e9nyekhez, sz\u00f3szokhoz, h\u00fasokhoz \u00e9s k\u00e1v\u00e9hoz.<\/p>","protected":false},"featured_media":6411,"comment_status":"open","ping_status":"closed","template":"","meta":[],"product_brand":[],"product_cat":[36],"product_tag":[],"class_list":{"0":"post-6410","1":"product","2":"type-product","3":"status-publish","4":"has-post-thumbnail","6":"product_cat-ingrijire-personala","7":"rishi-post","9":"first","10":"instock","11":"shipping-taxable","12":"purchasable","13":"product-type-simple"},"yoast_head":"<!-- This site is optimized with the Yoast SEO plugin v27.6 - https:\/\/yoast.com\/product\/yoast-seo-wordpress\/ -->\n<title>Condiment lavand\u0103 m\u0103cinat\u0103 20 g - Lavandula<\/title>\n<meta name=\"description\" content=\"Condimentul de lavand\u0103 m\u0103cinat\u0103 aduce o not\u0103 floral\u0103 subtil\u0103 deserturilor \u0219i preparatelor culinare, ideal pentru cei care doresc arome rafinate \u0219i naturale.\" \/>\n<meta name=\"robots\" content=\"index, follow, max-snippet:-1, max-image-preview:large, max-video-preview:-1\" \/>\n<link rel=\"canonical\" href=\"https:\/\/lavandula.ro\/hu_hu\/termek\/condiment-lavanda-macinata-20-g\/\" \/>\n<meta property=\"og:locale\" content=\"hu_HU\" \/>\n<meta property=\"og:type\" content=\"article\" \/>\n<meta property=\"og:title\" content=\"Condiment lavand\u0103 m\u0103cinat\u0103 20 g - Lavandula\" \/>\n<meta property=\"og:description\" content=\"Condimentul de lavand\u0103 m\u0103cinat\u0103 aduce o not\u0103 floral\u0103 subtil\u0103 deserturilor \u0219i preparatelor culinare, ideal pentru cei care doresc arome rafinate \u0219i naturale.\" \/>\n<meta property=\"og:url\" content=\"https:\/\/lavandula.ro\/hu_hu\/termek\/condiment-lavanda-macinata-20-g\/\" \/>\n<meta property=\"og:site_name\" content=\"Lavandula\" \/>\n<meta property=\"article:publisher\" content=\"https:\/\/www.facebook.com\/Rlavandula\" \/>\n<meta property=\"article:modified_time\" content=\"2024-09-14T12:05:28+00:00\" \/>\n<meta property=\"og:image\" content=\"https:\/\/lavandula.ro\/wp-content\/uploads\/2024\/09\/Lfuszer2024.jpg\" \/>\n\t<meta property=\"og:image:width\" content=\"1080\" \/>\n\t<meta property=\"og:image:height\" content=\"1080\" \/>\n\t<meta property=\"og:image:type\" content=\"image\/jpeg\" \/>\n<meta name=\"twitter:card\" content=\"summary_large_image\" \/>\n<meta name=\"twitter:label1\" content=\"Becs\u00fclt olvas\u00e1si id\u0151\" \/>\n\t<meta name=\"twitter:data1\" content=\"1 perc\" \/>\n<script type=\"application\/ld+json\" class=\"yoast-schema-graph\">{\"@context\":\"https:\\\/\\\/schema.org\",\"@graph\":[{\"@type\":\"WebPage\",\"@id\":\"https:\\\/\\\/lavandula.ro\\\/produs\\\/condiment-lavanda-macinata-20-g\\\/\",\"url\":\"https:\\\/\\\/lavandula.ro\\\/produs\\\/condiment-lavanda-macinata-20-g\\\/\",\"name\":\"Condiment lavand\u0103 m\u0103cinat\u0103 20 g - Lavandula\",\"isPartOf\":{\"@id\":\"https:\\\/\\\/lavandula.ro\\\/#website\"},\"primaryImageOfPage\":{\"@id\":\"https:\\\/\\\/lavandula.ro\\\/produs\\\/condiment-lavanda-macinata-20-g\\\/#primaryimage\"},\"image\":{\"@id\":\"https:\\\/\\\/lavandula.ro\\\/produs\\\/condiment-lavanda-macinata-20-g\\\/#primaryimage\"},\"thumbnailUrl\":\"https:\\\/\\\/lavandula.ro\\\/wp-content\\\/uploads\\\/2024\\\/09\\\/Lfuszer2024.jpg\",\"datePublished\":\"2024-09-14T12:05:27+00:00\",\"dateModified\":\"2024-09-14T12:05:28+00:00\",\"description\":\"Condimentul de lavand\u0103 m\u0103cinat\u0103 aduce o not\u0103 floral\u0103 subtil\u0103 deserturilor \u0219i preparatelor culinare, ideal pentru cei care doresc arome rafinate \u0219i naturale.\",\"breadcrumb\":{\"@id\":\"https:\\\/\\\/lavandula.ro\\\/produs\\\/condiment-lavanda-macinata-20-g\\\/#breadcrumb\"},\"inLanguage\":\"hu\",\"potentialAction\":[{\"@type\":\"ReadAction\",\"target\":[\"https:\\\/\\\/lavandula.ro\\\/produs\\\/condiment-lavanda-macinata-20-g\\\/\"]}]},{\"@type\":\"ImageObject\",\"inLanguage\":\"hu\",\"@id\":\"https:\\\/\\\/lavandula.ro\\\/produs\\\/condiment-lavanda-macinata-20-g\\\/#primaryimage\",\"url\":\"https:\\\/\\\/lavandula.ro\\\/wp-content\\\/uploads\\\/2024\\\/09\\\/Lfuszer2024.jpg\",\"contentUrl\":\"https:\\\/\\\/lavandula.ro\\\/wp-content\\\/uploads\\\/2024\\\/09\\\/Lfuszer2024.jpg\",\"width\":1080,\"height\":1080,\"caption\":\"Lavandula.ro\"},{\"@type\":\"BreadcrumbList\",\"@id\":\"https:\\\/\\\/lavandula.ro\\\/produs\\\/condiment-lavanda-macinata-20-g\\\/#breadcrumb\",\"itemListElement\":[{\"@type\":\"ListItem\",\"position\":1,\"name\":\"Prima pagin\u0103\",\"item\":\"https:\\\/\\\/lavandula.ro\\\/\"},{\"@type\":\"ListItem\",\"position\":2,\"name\":\"Produse\",\"item\":\"https:\\\/\\\/lavandula.ro\\\/produse\\\/\"},{\"@type\":\"ListItem\",\"position\":3,\"name\":\"Condiment lavand\u0103 m\u0103cinat\u0103 20 g\"}]},{\"@type\":\"WebSite\",\"@id\":\"https:\\\/\\\/lavandula.ro\\\/#website\",\"url\":\"https:\\\/\\\/lavandula.ro\\\/\",\"name\":\"Lavandula\",\"description\":\"Bine\u00een\u021beles natural!\",\"publisher\":{\"@id\":\"https:\\\/\\\/lavandula.ro\\\/#organization\"},\"potentialAction\":[{\"@type\":\"SearchAction\",\"target\":{\"@type\":\"EntryPoint\",\"urlTemplate\":\"https:\\\/\\\/lavandula.ro\\\/?s={search_term_string}\"},\"query-input\":{\"@type\":\"PropertyValueSpecification\",\"valueRequired\":true,\"valueName\":\"search_term_string\"}}],\"inLanguage\":\"hu\"},{\"@type\":\"Organization\",\"@id\":\"https:\\\/\\\/lavandula.ro\\\/#organization\",\"name\":\"Lavandula\",\"url\":\"https:\\\/\\\/lavandula.ro\\\/\",\"logo\":{\"@type\":\"ImageObject\",\"inLanguage\":\"hu\",\"@id\":\"https:\\\/\\\/lavandula.ro\\\/#\\\/schema\\\/logo\\\/image\\\/\",\"url\":\"https:\\\/\\\/lavandula.ro\\\/wp-content\\\/uploads\\\/2024\\\/08\\\/L.png\",\"contentUrl\":\"https:\\\/\\\/lavandula.ro\\\/wp-content\\\/uploads\\\/2024\\\/08\\\/L.png\",\"width\":1330,\"height\":592,\"caption\":\"Lavandula\"},\"image\":{\"@id\":\"https:\\\/\\\/lavandula.ro\\\/#\\\/schema\\\/logo\\\/image\\\/\"},\"sameAs\":[\"https:\\\/\\\/www.facebook.com\\\/Rlavandula\"]}]}<\/script>\n<!-- \/ Yoast SEO plugin. -->","yoast_head_json":{"title":"Condiment lavand\u0103 m\u0103cinat\u0103 20 g - Lavandula","description":"Az \u0151r\u00f6lt levendula f\u0171szer finom vir\u00e1gos jegyeket k\u00f6lcs\u00f6n\u00f6z a desszerteknek \u00e9s \u00e9teleknek, ide\u00e1lis azok sz\u00e1m\u00e1ra, akik kifinomult \u00e9s term\u00e9szetes \u00edzekre v\u00e1gynak.","robots":{"index":"index","follow":"follow","max-snippet":"max-snippet:-1","max-image-preview":"max-image-preview:large","max-video-preview":"max-video-preview:-1"},"canonical":"https:\/\/lavandula.ro\/hu_hu\/termek\/condiment-lavanda-macinata-20-g\/","og_locale":"hu_HU","og_type":"article","og_title":"Condiment lavand\u0103 m\u0103cinat\u0103 20 g - Lavandula","og_description":"Condimentul de lavand\u0103 m\u0103cinat\u0103 aduce o not\u0103 floral\u0103 subtil\u0103 deserturilor \u0219i preparatelor culinare, ideal pentru cei care doresc arome rafinate \u0219i naturale.","og_url":"https:\/\/lavandula.ro\/hu_hu\/termek\/condiment-lavanda-macinata-20-g\/","og_site_name":"Lavandula","article_publisher":"https:\/\/www.facebook.com\/Rlavandula","article_modified_time":"2024-09-14T12:05:28+00:00","og_image":[{"width":1080,"height":1080,"url":"https:\/\/lavandula.ro\/wp-content\/uploads\/2024\/09\/Lfuszer2024.jpg","type":"image\/jpeg"}],"twitter_card":"summary_large_image","twitter_misc":{"Becs\u00fclt olvas\u00e1si id\u0151":"1 perc"},"schema":{"@context":"https:\/\/schema.org","@graph":[{"@type":"WebPage","@id":"https:\/\/lavandula.ro\/produs\/condiment-lavanda-macinata-20-g\/","url":"https:\/\/lavandula.ro\/produs\/condiment-lavanda-macinata-20-g\/","name":"Condiment lavand\u0103 m\u0103cinat\u0103 20 g - Lavandula","isPartOf":{"@id":"https:\/\/lavandula.ro\/#website"},"primaryImageOfPage":{"@id":"https:\/\/lavandula.ro\/produs\/condiment-lavanda-macinata-20-g\/#primaryimage"},"image":{"@id":"https:\/\/lavandula.ro\/produs\/condiment-lavanda-macinata-20-g\/#primaryimage"},"thumbnailUrl":"https:\/\/lavandula.ro\/wp-content\/uploads\/2024\/09\/Lfuszer2024.jpg","datePublished":"2024-09-14T12:05:27+00:00","dateModified":"2024-09-14T12:05:28+00:00","description":"Az \u0151r\u00f6lt levendula f\u0171szer finom vir\u00e1gos jegyeket k\u00f6lcs\u00f6n\u00f6z a desszerteknek \u00e9s \u00e9teleknek, ide\u00e1lis azok sz\u00e1m\u00e1ra, akik kifinomult \u00e9s term\u00e9szetes \u00edzekre v\u00e1gynak.","breadcrumb":{"@id":"https:\/\/lavandula.ro\/produs\/condiment-lavanda-macinata-20-g\/#breadcrumb"},"inLanguage":"hu","potentialAction":[{"@type":"ReadAction","target":["https:\/\/lavandula.ro\/produs\/condiment-lavanda-macinata-20-g\/"]}]},{"@type":"ImageObject","inLanguage":"hu","@id":"https:\/\/lavandula.ro\/produs\/condiment-lavanda-macinata-20-g\/#primaryimage","url":"https:\/\/lavandula.ro\/wp-content\/uploads\/2024\/09\/Lfuszer2024.jpg","contentUrl":"https:\/\/lavandula.ro\/wp-content\/uploads\/2024\/09\/Lfuszer2024.jpg","width":1080,"height":1080,"caption":"Lavandula.ro"},{"@type":"BreadcrumbList","@id":"https:\/\/lavandula.ro\/produs\/condiment-lavanda-macinata-20-g\/#breadcrumb","itemListElement":[{"@type":"ListItem","position":1,"name":"Prima pagin\u0103","item":"https:\/\/lavandula.ro\/"},{"@type":"ListItem","position":2,"name":"Produse","item":"https:\/\/lavandula.ro\/produse\/"},{"@type":"ListItem","position":3,"name":"Condiment lavand\u0103 m\u0103cinat\u0103 20 g"}]},{"@type":"WebSite","@id":"https:\/\/lavandula.ro\/#website","url":"https:\/\/lavandula.ro\/","name":"Lavandula","description":"Bine\u00een\u021beles natural!","publisher":{"@id":"https:\/\/lavandula.ro\/#organization"},"potentialAction":[{"@type":"SearchAction","target":{"@type":"EntryPoint","urlTemplate":"https:\/\/lavandula.ro\/?s={search_term_string}"},"query-input":{"@type":"PropertyValueSpecification","valueRequired":true,"valueName":"search_term_string"}}],"inLanguage":"hu"},{"@type":"Organization","@id":"https:\/\/lavandula.ro\/#organization","name":"Lavandula","url":"https:\/\/lavandula.ro\/","logo":{"@type":"ImageObject","inLanguage":"hu","@id":"https:\/\/lavandula.ro\/#\/schema\/logo\/image\/","url":"https:\/\/lavandula.ro\/wp-content\/uploads\/2024\/08\/L.png","contentUrl":"https:\/\/lavandula.ro\/wp-content\/uploads\/2024\/08\/L.png","width":1330,"height":592,"caption":"Lavandula"},"image":{"@id":"https:\/\/lavandula.ro\/#\/schema\/logo\/image\/"},"sameAs":["https:\/\/www.facebook.com\/Rlavandula"]}]}},"_links":{"self":[{"href":"https:\/\/lavandula.ro\/hu_hu\/wp-json\/wp\/v2\/product\/6410","targetHints":{"allow":["GET"]}}],"collection":[{"href":"https:\/\/lavandula.ro\/hu_hu\/wp-json\/wp\/v2\/product"}],"about":[{"href":"https:\/\/lavandula.ro\/hu_hu\/wp-json\/wp\/v2\/types\/product"}],"replies":[{"embeddable":true,"href":"https:\/\/lavandula.ro\/hu_hu\/wp-json\/wp\/v2\/comments?post=6410"}],"wp:featuredmedia":[{"embeddable":true,"href":"https:\/\/lavandula.ro\/hu_hu\/wp-json\/wp\/v2\/media\/6411"}],"wp:attachment":[{"href":"https:\/\/lavandula.ro\/hu_hu\/wp-json\/wp\/v2\/media?parent=6410"}],"wp:term":[{"taxonomy":"product_brand","embeddable":true,"href":"https:\/\/lavandula.ro\/hu_hu\/wp-json\/wp\/v2\/product_brand?post=6410"},{"taxonomy":"product_cat","embeddable":true,"href":"https:\/\/lavandula.ro\/hu_hu\/wp-json\/wp\/v2\/product_cat?post=6410"},{"taxonomy":"product_tag","embeddable":true,"href":"https:\/\/lavandula.ro\/hu_hu\/wp-json\/wp\/v2\/product_tag?post=6410"}],"curies":[{"name":"wp","href":"https:\/\/api.w.org\/{rel}","templated":true}]}}