{"id":6390,"date":"2024-09-04T16:32:45","date_gmt":"2024-09-04T14:32:45","guid":{"rendered":"https:\/\/lavandula.ro\/?post_type=product&#038;p=6390"},"modified":"2024-09-14T17:55:15","modified_gmt":"2024-09-14T15:55:15","slug":"lumanare-parfumata-cu-ulei-de-lavanda","status":"publish","type":"product","link":"https:\/\/lavandula.ro\/hu_hu\/termek\/lumanare-parfumata-cu-ulei-de-lavanda\/","title":{"rendered":"Illatos gyertya levendula ill\u00f3olajjal"},"content":{"rendered":"<p>A term\u00e9szetes illatos gyerty\u00e1k j\u00f3 gy\u00f3gym\u00f3dok a szorong\u00e1s, a depresszi\u00f3 \u00e9s a fesz\u00fclts\u00e9g enyh\u00edt\u00e9s\u00e9re, \u00e9s ide\u00e1lisak a meleg, k\u00e9nyelmes \u00e9s b\u00e9k\u00e9s l\u00e9gk\u00f6r megteremt\u00e9s\u00e9re egy neh\u00e9z munkah\u00e9t vagy egy mozgalmas nap ut\u00e1n.<\/p>\n<p>A levendula ill\u00f3olajat tartalmaz\u00f3 gyerty\u00e1k nyugtat\u00f3 hat\u00e1s\u00faak, seg\u00edtenek lek\u00fczdeni a depresszi\u00f3t \u00e9s a f\u00e1radts\u00e1got.<\/p>\n<p>K\u00e9zi \u00f6nt\u00e9s\u00fck kis t\u00e9telekben t\u00f6rt\u00e9nik nagy odafigyel\u00e9ssel.<\/p>","protected":false},"excerpt":{"rendered":"<p>Illatos gyertya levendula ill\u00f3olajjal, intenz\u00edv arom\u00e1val<span class=\"a-list-item\">.<\/span><\/p>","protected":false},"featured_media":6419,"comment_status":"open","ping_status":"closed","template":"","meta":[],"product_brand":[],"product_cat":[37,35],"product_tag":[45,42,39,38,52,41],"class_list":{"0":"post-6390","1":"product","2":"type-product","3":"status-publish","4":"has-post-thumbnail","6":"product_cat-decoratiuni","7":"product_cat-odorizante","8":"product_tag-aromaterapie","9":"product_tag-handmade","10":"product_tag-lavanda","11":"product_tag-natural","12":"product_tag-parfum","13":"product_tag-relaxare","14":"rishi-post","16":"first","17":"instock","18":"shipping-taxable","19":"purchasable","20":"product-type-simple"},"yoast_head":"<!-- This site is optimized with the Yoast SEO plugin v27.6 - https:\/\/yoast.com\/product\/yoast-seo-wordpress\/ -->\n<title>Lum\u00e2nare parfumat\u0103 cu ulei de lavand\u0103 - Lavandula<\/title>\n<meta name=\"description\" content=\"\u00cembog\u0103\u021be\u0219te-\u021bi spa\u021biul cu o lum\u00e2nare parfumat\u0103 cu ulei esen\u021bial de lavand\u0103, ideal\u0103 pentru a induce relaxare \u0219i o stare de bine.\" \/>\n<meta name=\"robots\" content=\"index, follow, max-snippet:-1, max-image-preview:large, max-video-preview:-1\" \/>\n<link rel=\"canonical\" href=\"https:\/\/lavandula.ro\/hu_hu\/termek\/lumanare-parfumata-cu-ulei-de-lavanda\/\" \/>\n<meta property=\"og:locale\" content=\"hu_HU\" \/>\n<meta property=\"og:type\" content=\"article\" \/>\n<meta property=\"og:title\" content=\"Lum\u00e2nare parfumat\u0103 cu ulei de lavand\u0103 - Lavandula\" \/>\n<meta property=\"og:description\" content=\"\u00cembog\u0103\u021be\u0219te-\u021bi spa\u021biul cu o lum\u00e2nare parfumat\u0103 cu ulei esen\u021bial de lavand\u0103, ideal\u0103 pentru a induce relaxare \u0219i o stare de bine.\" \/>\n<meta property=\"og:url\" content=\"https:\/\/lavandula.ro\/hu_hu\/termek\/lumanare-parfumata-cu-ulei-de-lavanda\/\" \/>\n<meta property=\"og:site_name\" content=\"Lavandula\" \/>\n<meta property=\"article:publisher\" content=\"https:\/\/www.facebook.com\/Rlavandula\" \/>\n<meta property=\"article:modified_time\" content=\"2024-09-14T15:55:15+00:00\" \/>\n<meta property=\"og:image\" content=\"https:\/\/lavandula.ro\/wp-content\/uploads\/2024\/09\/Lgyertya2024.jpg\" \/>\n\t<meta property=\"og:image:width\" content=\"1080\" \/>\n\t<meta property=\"og:image:height\" content=\"1080\" \/>\n\t<meta property=\"og:image:type\" content=\"image\/jpeg\" \/>\n<meta name=\"twitter:card\" content=\"summary_large_image\" \/>\n<meta name=\"twitter:label1\" content=\"Becs\u00fclt olvas\u00e1si id\u0151\" \/>\n\t<meta name=\"twitter:data1\" content=\"1 perc\" \/>\n<script type=\"application\/ld+json\" class=\"yoast-schema-graph\">{\"@context\":\"https:\\\/\\\/schema.org\",\"@graph\":[{\"@type\":\"WebPage\",\"@id\":\"https:\\\/\\\/lavandula.ro\\\/produs\\\/lumanare-parfumata-cu-ulei-de-lavanda\\\/\",\"url\":\"https:\\\/\\\/lavandula.ro\\\/produs\\\/lumanare-parfumata-cu-ulei-de-lavanda\\\/\",\"name\":\"Lum\u00e2nare parfumat\u0103 cu ulei de lavand\u0103 - Lavandula\",\"isPartOf\":{\"@id\":\"https:\\\/\\\/lavandula.ro\\\/#website\"},\"primaryImageOfPage\":{\"@id\":\"https:\\\/\\\/lavandula.ro\\\/produs\\\/lumanare-parfumata-cu-ulei-de-lavanda\\\/#primaryimage\"},\"image\":{\"@id\":\"https:\\\/\\\/lavandula.ro\\\/produs\\\/lumanare-parfumata-cu-ulei-de-lavanda\\\/#primaryimage\"},\"thumbnailUrl\":\"https:\\\/\\\/lavandula.ro\\\/wp-content\\\/uploads\\\/2024\\\/09\\\/Lgyertya2024.jpg\",\"datePublished\":\"2024-09-04T14:32:45+00:00\",\"dateModified\":\"2024-09-14T15:55:15+00:00\",\"description\":\"\u00cembog\u0103\u021be\u0219te-\u021bi spa\u021biul cu o lum\u00e2nare parfumat\u0103 cu ulei esen\u021bial de lavand\u0103, ideal\u0103 pentru a induce relaxare \u0219i o stare de bine.\",\"breadcrumb\":{\"@id\":\"https:\\\/\\\/lavandula.ro\\\/produs\\\/lumanare-parfumata-cu-ulei-de-lavanda\\\/#breadcrumb\"},\"inLanguage\":\"hu\",\"potentialAction\":[{\"@type\":\"ReadAction\",\"target\":[\"https:\\\/\\\/lavandula.ro\\\/produs\\\/lumanare-parfumata-cu-ulei-de-lavanda\\\/\"]}]},{\"@type\":\"ImageObject\",\"inLanguage\":\"hu\",\"@id\":\"https:\\\/\\\/lavandula.ro\\\/produs\\\/lumanare-parfumata-cu-ulei-de-lavanda\\\/#primaryimage\",\"url\":\"https:\\\/\\\/lavandula.ro\\\/wp-content\\\/uploads\\\/2024\\\/09\\\/Lgyertya2024.jpg\",\"contentUrl\":\"https:\\\/\\\/lavandula.ro\\\/wp-content\\\/uploads\\\/2024\\\/09\\\/Lgyertya2024.jpg\",\"width\":1080,\"height\":1080,\"caption\":\"Lavandula.ro\"},{\"@type\":\"BreadcrumbList\",\"@id\":\"https:\\\/\\\/lavandula.ro\\\/produs\\\/lumanare-parfumata-cu-ulei-de-lavanda\\\/#breadcrumb\",\"itemListElement\":[{\"@type\":\"ListItem\",\"position\":1,\"name\":\"Prima pagin\u0103\",\"item\":\"https:\\\/\\\/lavandula.ro\\\/\"},{\"@type\":\"ListItem\",\"position\":2,\"name\":\"Produse\",\"item\":\"https:\\\/\\\/lavandula.ro\\\/produse\\\/\"},{\"@type\":\"ListItem\",\"position\":3,\"name\":\"Lum\u00e2nare parfumat\u0103 cu ulei de lavand\u0103\"}]},{\"@type\":\"WebSite\",\"@id\":\"https:\\\/\\\/lavandula.ro\\\/#website\",\"url\":\"https:\\\/\\\/lavandula.ro\\\/\",\"name\":\"Lavandula\",\"description\":\"Bine\u00een\u021beles natural!\",\"publisher\":{\"@id\":\"https:\\\/\\\/lavandula.ro\\\/#organization\"},\"potentialAction\":[{\"@type\":\"SearchAction\",\"target\":{\"@type\":\"EntryPoint\",\"urlTemplate\":\"https:\\\/\\\/lavandula.ro\\\/?s={search_term_string}\"},\"query-input\":{\"@type\":\"PropertyValueSpecification\",\"valueRequired\":true,\"valueName\":\"search_term_string\"}}],\"inLanguage\":\"hu\"},{\"@type\":\"Organization\",\"@id\":\"https:\\\/\\\/lavandula.ro\\\/#organization\",\"name\":\"Lavandula\",\"url\":\"https:\\\/\\\/lavandula.ro\\\/\",\"logo\":{\"@type\":\"ImageObject\",\"inLanguage\":\"hu\",\"@id\":\"https:\\\/\\\/lavandula.ro\\\/#\\\/schema\\\/logo\\\/image\\\/\",\"url\":\"https:\\\/\\\/lavandula.ro\\\/wp-content\\\/uploads\\\/2024\\\/08\\\/L.png\",\"contentUrl\":\"https:\\\/\\\/lavandula.ro\\\/wp-content\\\/uploads\\\/2024\\\/08\\\/L.png\",\"width\":1330,\"height\":592,\"caption\":\"Lavandula\"},\"image\":{\"@id\":\"https:\\\/\\\/lavandula.ro\\\/#\\\/schema\\\/logo\\\/image\\\/\"},\"sameAs\":[\"https:\\\/\\\/www.facebook.com\\\/Rlavandula\"]}]}<\/script>\n<!-- \/ Yoast SEO plugin. -->","yoast_head_json":{"title":"Lum\u00e2nare parfumat\u0103 cu ulei de lavand\u0103 - Lavandula","description":"\u00cembog\u0103\u021be\u0219te-\u021bi spa\u021biul cu o lum\u00e2nare parfumat\u0103 cu ulei esen\u021bial de lavand\u0103, ideal\u0103 pentru a induce relaxare \u0219i o stare de bine.","robots":{"index":"index","follow":"follow","max-snippet":"max-snippet:-1","max-image-preview":"max-image-preview:large","max-video-preview":"max-video-preview:-1"},"canonical":"https:\/\/lavandula.ro\/hu_hu\/termek\/lumanare-parfumata-cu-ulei-de-lavanda\/","og_locale":"hu_HU","og_type":"article","og_title":"Lum\u00e2nare parfumat\u0103 cu ulei de lavand\u0103 - Lavandula","og_description":"\u00cembog\u0103\u021be\u0219te-\u021bi spa\u021biul cu o lum\u00e2nare parfumat\u0103 cu ulei esen\u021bial de lavand\u0103, ideal\u0103 pentru a induce relaxare \u0219i o stare de bine.","og_url":"https:\/\/lavandula.ro\/hu_hu\/termek\/lumanare-parfumata-cu-ulei-de-lavanda\/","og_site_name":"Lavandula","article_publisher":"https:\/\/www.facebook.com\/Rlavandula","article_modified_time":"2024-09-14T15:55:15+00:00","og_image":[{"width":1080,"height":1080,"url":"https:\/\/lavandula.ro\/wp-content\/uploads\/2024\/09\/Lgyertya2024.jpg","type":"image\/jpeg"}],"twitter_card":"summary_large_image","twitter_misc":{"Becs\u00fclt olvas\u00e1si id\u0151":"1 perc"},"schema":{"@context":"https:\/\/schema.org","@graph":[{"@type":"WebPage","@id":"https:\/\/lavandula.ro\/produs\/lumanare-parfumata-cu-ulei-de-lavanda\/","url":"https:\/\/lavandula.ro\/produs\/lumanare-parfumata-cu-ulei-de-lavanda\/","name":"Lum\u00e2nare parfumat\u0103 cu ulei de lavand\u0103 - Lavandula","isPartOf":{"@id":"https:\/\/lavandula.ro\/#website"},"primaryImageOfPage":{"@id":"https:\/\/lavandula.ro\/produs\/lumanare-parfumata-cu-ulei-de-lavanda\/#primaryimage"},"image":{"@id":"https:\/\/lavandula.ro\/produs\/lumanare-parfumata-cu-ulei-de-lavanda\/#primaryimage"},"thumbnailUrl":"https:\/\/lavandula.ro\/wp-content\/uploads\/2024\/09\/Lgyertya2024.jpg","datePublished":"2024-09-04T14:32:45+00:00","dateModified":"2024-09-14T15:55:15+00:00","description":"\u00cembog\u0103\u021be\u0219te-\u021bi spa\u021biul cu o lum\u00e2nare parfumat\u0103 cu ulei esen\u021bial de lavand\u0103, ideal\u0103 pentru a induce relaxare \u0219i o stare de bine.","breadcrumb":{"@id":"https:\/\/lavandula.ro\/produs\/lumanare-parfumata-cu-ulei-de-lavanda\/#breadcrumb"},"inLanguage":"hu","potentialAction":[{"@type":"ReadAction","target":["https:\/\/lavandula.ro\/produs\/lumanare-parfumata-cu-ulei-de-lavanda\/"]}]},{"@type":"ImageObject","inLanguage":"hu","@id":"https:\/\/lavandula.ro\/produs\/lumanare-parfumata-cu-ulei-de-lavanda\/#primaryimage","url":"https:\/\/lavandula.ro\/wp-content\/uploads\/2024\/09\/Lgyertya2024.jpg","contentUrl":"https:\/\/lavandula.ro\/wp-content\/uploads\/2024\/09\/Lgyertya2024.jpg","width":1080,"height":1080,"caption":"Lavandula.ro"},{"@type":"BreadcrumbList","@id":"https:\/\/lavandula.ro\/produs\/lumanare-parfumata-cu-ulei-de-lavanda\/#breadcrumb","itemListElement":[{"@type":"ListItem","position":1,"name":"Prima pagin\u0103","item":"https:\/\/lavandula.ro\/"},{"@type":"ListItem","position":2,"name":"Produse","item":"https:\/\/lavandula.ro\/produse\/"},{"@type":"ListItem","position":3,"name":"Lum\u00e2nare parfumat\u0103 cu ulei de lavand\u0103"}]},{"@type":"WebSite","@id":"https:\/\/lavandula.ro\/#website","url":"https:\/\/lavandula.ro\/","name":"Lavandula","description":"Bine\u00een\u021beles natural!","publisher":{"@id":"https:\/\/lavandula.ro\/#organization"},"potentialAction":[{"@type":"SearchAction","target":{"@type":"EntryPoint","urlTemplate":"https:\/\/lavandula.ro\/?s={search_term_string}"},"query-input":{"@type":"PropertyValueSpecification","valueRequired":true,"valueName":"search_term_string"}}],"inLanguage":"hu"},{"@type":"Organization","@id":"https:\/\/lavandula.ro\/#organization","name":"Lavandula","url":"https:\/\/lavandula.ro\/","logo":{"@type":"ImageObject","inLanguage":"hu","@id":"https:\/\/lavandula.ro\/#\/schema\/logo\/image\/","url":"https:\/\/lavandula.ro\/wp-content\/uploads\/2024\/08\/L.png","contentUrl":"https:\/\/lavandula.ro\/wp-content\/uploads\/2024\/08\/L.png","width":1330,"height":592,"caption":"Lavandula"},"image":{"@id":"https:\/\/lavandula.ro\/#\/schema\/logo\/image\/"},"sameAs":["https:\/\/www.facebook.com\/Rlavandula"]}]}},"_links":{"self":[{"href":"https:\/\/lavandula.ro\/hu_hu\/wp-json\/wp\/v2\/product\/6390","targetHints":{"allow":["GET"]}}],"collection":[{"href":"https:\/\/lavandula.ro\/hu_hu\/wp-json\/wp\/v2\/product"}],"about":[{"href":"https:\/\/lavandula.ro\/hu_hu\/wp-json\/wp\/v2\/types\/product"}],"replies":[{"embeddable":true,"href":"https:\/\/lavandula.ro\/hu_hu\/wp-json\/wp\/v2\/comments?post=6390"}],"wp:featuredmedia":[{"embeddable":true,"href":"https:\/\/lavandula.ro\/hu_hu\/wp-json\/wp\/v2\/media\/6419"}],"wp:attachment":[{"href":"https:\/\/lavandula.ro\/hu_hu\/wp-json\/wp\/v2\/media?parent=6390"}],"wp:term":[{"taxonomy":"product_brand","embeddable":true,"href":"https:\/\/lavandula.ro\/hu_hu\/wp-json\/wp\/v2\/product_brand?post=6390"},{"taxonomy":"product_cat","embeddable":true,"href":"https:\/\/lavandula.ro\/hu_hu\/wp-json\/wp\/v2\/product_cat?post=6390"},{"taxonomy":"product_tag","embeddable":true,"href":"https:\/\/lavandula.ro\/hu_hu\/wp-json\/wp\/v2\/product_tag?post=6390"}],"curies":[{"name":"wp","href":"https:\/\/api.w.org\/{rel}","templated":true}]}}