{"id":6371,"date":"2024-08-14T21:18:33","date_gmt":"2024-08-14T19:18:33","guid":{"rendered":"https:\/\/lavandula.ro\/?post_type=product&#038;p=6371"},"modified":"2025-09-05T12:33:22","modified_gmt":"2025-09-05T10:33:22","slug":"odorizant-cu-ulei-esential-de-menta-5-ml","status":"publish","type":"product","link":"https:\/\/lavandula.ro\/hu_hu\/termek\/odorizant-cu-ulei-esential-de-menta-5-ml\/","title":{"rendered":"Menta ill\u00f3olajos l\u00e9gfriss\u00edt\u0151 5 ml"},"content":{"rendered":"<p>Friss\u00edtse fel aut\u00f3ja illat\u00e1t egy friss menta arom\u00e1val.<\/p>\n<p>Otthonok \u00e9s irod\u00e1k helyis\u00e9geinek illatos\u00edt\u00e1s\u00e1hoz is aj\u00e1nlott.<\/p>\n<p><span lang=\"fr\">Antibakteri\u00e1lis \u00e9s v\u00edrus\u00f6l\u0151 tulajdons\u00e1gainak k\u00f6sz\u00f6nhet\u0151en jelent\u0151s m\u00e9rt\u00e9kben jav\u00edtja a bel\u00e9legzett leveg\u0151 min\u0151s\u00e9g\u00e9t.<\/span><\/p>\n<p><span lang=\"fr\">100%-ban bio term\u00e9k.<\/span><\/p>","protected":false},"excerpt":{"rendered":"<p>Friss\u00edtse fel aut\u00f3ja illat\u00e1t egy friss menta arom\u00e1val.<\/p>","protected":false},"featured_media":6372,"comment_status":"open","ping_status":"closed","template":"","meta":[],"product_brand":[],"product_cat":[35],"product_tag":[60,51,52,49],"class_list":{"0":"post-6371","1":"product","2":"type-product","3":"status-publish","4":"has-post-thumbnail","6":"product_cat-odorizante","7":"product_tag-menta","8":"product_tag-odorizant","9":"product_tag-parfum","10":"product_tag-revigorare","11":"rishi-post","13":"first","14":"instock","15":"shipping-taxable","16":"purchasable","17":"product-type-simple"},"yoast_head":"<!-- This site is optimized with the Yoast SEO plugin v27.6 - https:\/\/yoast.com\/product\/yoast-seo-wordpress\/ -->\n<title>Odorizant cu ulei esen\u021bial de ment\u0103 5 ml - Lavandula<\/title>\n<meta name=\"description\" content=\"\u00cemprosp\u0103teaz\u0103-\u021bi ma\u0219ina cu odorizantul auto cu ulei de ment\u0103, perfect pentru a crea o atmosfer\u0103 energizant\u0103 \u0219i r\u0103coritoare \u00een timpul c\u0103l\u0103toriilor.\" \/>\n<meta name=\"robots\" content=\"index, follow, max-snippet:-1, max-image-preview:large, max-video-preview:-1\" \/>\n<link rel=\"canonical\" href=\"https:\/\/lavandula.ro\/hu_hu\/termek\/odorizant-cu-ulei-esential-de-menta-5-ml\/\" \/>\n<meta property=\"og:locale\" content=\"hu_HU\" \/>\n<meta property=\"og:type\" content=\"article\" \/>\n<meta property=\"og:title\" content=\"Odorizant cu ulei esen\u021bial de ment\u0103 5 ml - Lavandula\" \/>\n<meta property=\"og:description\" content=\"\u00cemprosp\u0103teaz\u0103-\u021bi ma\u0219ina cu odorizantul auto cu ulei de ment\u0103, perfect pentru a crea o atmosfer\u0103 energizant\u0103 \u0219i r\u0103coritoare \u00een timpul c\u0103l\u0103toriilor.\" \/>\n<meta property=\"og:url\" content=\"https:\/\/lavandula.ro\/hu_hu\/termek\/odorizant-cu-ulei-esential-de-menta-5-ml\/\" \/>\n<meta property=\"og:site_name\" content=\"Lavandula\" \/>\n<meta property=\"article:publisher\" content=\"https:\/\/www.facebook.com\/Rlavandula\" \/>\n<meta property=\"article:modified_time\" content=\"2025-09-05T10:33:22+00:00\" \/>\n<meta property=\"og:image\" content=\"https:\/\/lavandula.ro\/wp-content\/uploads\/2024\/08\/Mauto2023.jpg\" \/>\n\t<meta property=\"og:image:width\" content=\"1080\" \/>\n\t<meta property=\"og:image:height\" content=\"1081\" \/>\n\t<meta property=\"og:image:type\" content=\"image\/jpeg\" \/>\n<meta name=\"twitter:card\" content=\"summary_large_image\" \/>\n<meta name=\"twitter:label1\" content=\"Becs\u00fclt olvas\u00e1si id\u0151\" \/>\n\t<meta name=\"twitter:data1\" content=\"1 perc\" \/>\n<script type=\"application\/ld+json\" class=\"yoast-schema-graph\">{\"@context\":\"https:\\\/\\\/schema.org\",\"@graph\":[{\"@type\":\"WebPage\",\"@id\":\"https:\\\/\\\/lavandula.ro\\\/produs\\\/odorizant-cu-ulei-esential-de-menta-5-ml\\\/\",\"url\":\"https:\\\/\\\/lavandula.ro\\\/produs\\\/odorizant-cu-ulei-esential-de-menta-5-ml\\\/\",\"name\":\"Odorizant cu ulei esen\u021bial de ment\u0103 5 ml - Lavandula\",\"isPartOf\":{\"@id\":\"https:\\\/\\\/lavandula.ro\\\/#website\"},\"primaryImageOfPage\":{\"@id\":\"https:\\\/\\\/lavandula.ro\\\/produs\\\/odorizant-cu-ulei-esential-de-menta-5-ml\\\/#primaryimage\"},\"image\":{\"@id\":\"https:\\\/\\\/lavandula.ro\\\/produs\\\/odorizant-cu-ulei-esential-de-menta-5-ml\\\/#primaryimage\"},\"thumbnailUrl\":\"https:\\\/\\\/lavandula.ro\\\/wp-content\\\/uploads\\\/2024\\\/08\\\/Mauto2023.jpg\",\"datePublished\":\"2024-08-14T19:18:33+00:00\",\"dateModified\":\"2025-09-05T10:33:22+00:00\",\"description\":\"\u00cemprosp\u0103teaz\u0103-\u021bi ma\u0219ina cu odorizantul auto cu ulei de ment\u0103, perfect pentru a crea o atmosfer\u0103 energizant\u0103 \u0219i r\u0103coritoare \u00een timpul c\u0103l\u0103toriilor.\",\"breadcrumb\":{\"@id\":\"https:\\\/\\\/lavandula.ro\\\/produs\\\/odorizant-cu-ulei-esential-de-menta-5-ml\\\/#breadcrumb\"},\"inLanguage\":\"hu\",\"potentialAction\":[{\"@type\":\"ReadAction\",\"target\":[\"https:\\\/\\\/lavandula.ro\\\/produs\\\/odorizant-cu-ulei-esential-de-menta-5-ml\\\/\"]}]},{\"@type\":\"ImageObject\",\"inLanguage\":\"hu\",\"@id\":\"https:\\\/\\\/lavandula.ro\\\/produs\\\/odorizant-cu-ulei-esential-de-menta-5-ml\\\/#primaryimage\",\"url\":\"https:\\\/\\\/lavandula.ro\\\/wp-content\\\/uploads\\\/2024\\\/08\\\/Mauto2023.jpg\",\"contentUrl\":\"https:\\\/\\\/lavandula.ro\\\/wp-content\\\/uploads\\\/2024\\\/08\\\/Mauto2023.jpg\",\"width\":1080,\"height\":1081,\"caption\":\"Lavandula\"},{\"@type\":\"BreadcrumbList\",\"@id\":\"https:\\\/\\\/lavandula.ro\\\/produs\\\/odorizant-cu-ulei-esential-de-menta-5-ml\\\/#breadcrumb\",\"itemListElement\":[{\"@type\":\"ListItem\",\"position\":1,\"name\":\"Prima pagin\u0103\",\"item\":\"https:\\\/\\\/lavandula.ro\\\/\"},{\"@type\":\"ListItem\",\"position\":2,\"name\":\"Produse\",\"item\":\"https:\\\/\\\/lavandula.ro\\\/produse\\\/\"},{\"@type\":\"ListItem\",\"position\":3,\"name\":\"Odorizant cu ulei esen\u021bial de ment\u0103 5 ml\"}]},{\"@type\":\"WebSite\",\"@id\":\"https:\\\/\\\/lavandula.ro\\\/#website\",\"url\":\"https:\\\/\\\/lavandula.ro\\\/\",\"name\":\"Lavandula\",\"description\":\"Bine\u00een\u021beles natural!\",\"publisher\":{\"@id\":\"https:\\\/\\\/lavandula.ro\\\/#organization\"},\"potentialAction\":[{\"@type\":\"SearchAction\",\"target\":{\"@type\":\"EntryPoint\",\"urlTemplate\":\"https:\\\/\\\/lavandula.ro\\\/?s={search_term_string}\"},\"query-input\":{\"@type\":\"PropertyValueSpecification\",\"valueRequired\":true,\"valueName\":\"search_term_string\"}}],\"inLanguage\":\"hu\"},{\"@type\":\"Organization\",\"@id\":\"https:\\\/\\\/lavandula.ro\\\/#organization\",\"name\":\"Lavandula\",\"url\":\"https:\\\/\\\/lavandula.ro\\\/\",\"logo\":{\"@type\":\"ImageObject\",\"inLanguage\":\"hu\",\"@id\":\"https:\\\/\\\/lavandula.ro\\\/#\\\/schema\\\/logo\\\/image\\\/\",\"url\":\"https:\\\/\\\/lavandula.ro\\\/wp-content\\\/uploads\\\/2024\\\/08\\\/L.png\",\"contentUrl\":\"https:\\\/\\\/lavandula.ro\\\/wp-content\\\/uploads\\\/2024\\\/08\\\/L.png\",\"width\":1330,\"height\":592,\"caption\":\"Lavandula\"},\"image\":{\"@id\":\"https:\\\/\\\/lavandula.ro\\\/#\\\/schema\\\/logo\\\/image\\\/\"},\"sameAs\":[\"https:\\\/\\\/www.facebook.com\\\/Rlavandula\"]}]}<\/script>\n<!-- \/ Yoast SEO plugin. -->","yoast_head_json":{"title":"Odorizant cu ulei esen\u021bial de ment\u0103 5 ml - Lavandula","description":"\u00cemprosp\u0103teaz\u0103-\u021bi ma\u0219ina cu odorizantul auto cu ulei de ment\u0103, perfect pentru a crea o atmosfer\u0103 energizant\u0103 \u0219i r\u0103coritoare \u00een timpul c\u0103l\u0103toriilor.","robots":{"index":"index","follow":"follow","max-snippet":"max-snippet:-1","max-image-preview":"max-image-preview:large","max-video-preview":"max-video-preview:-1"},"canonical":"https:\/\/lavandula.ro\/hu_hu\/termek\/odorizant-cu-ulei-esential-de-menta-5-ml\/","og_locale":"hu_HU","og_type":"article","og_title":"Odorizant cu ulei esen\u021bial de ment\u0103 5 ml - Lavandula","og_description":"\u00cemprosp\u0103teaz\u0103-\u021bi ma\u0219ina cu odorizantul auto cu ulei de ment\u0103, perfect pentru a crea o atmosfer\u0103 energizant\u0103 \u0219i r\u0103coritoare \u00een timpul c\u0103l\u0103toriilor.","og_url":"https:\/\/lavandula.ro\/hu_hu\/termek\/odorizant-cu-ulei-esential-de-menta-5-ml\/","og_site_name":"Lavandula","article_publisher":"https:\/\/www.facebook.com\/Rlavandula","article_modified_time":"2025-09-05T10:33:22+00:00","og_image":[{"width":1080,"height":1081,"url":"https:\/\/lavandula.ro\/wp-content\/uploads\/2024\/08\/Mauto2023.jpg","type":"image\/jpeg"}],"twitter_card":"summary_large_image","twitter_misc":{"Becs\u00fclt olvas\u00e1si id\u0151":"1 perc"},"schema":{"@context":"https:\/\/schema.org","@graph":[{"@type":"WebPage","@id":"https:\/\/lavandula.ro\/produs\/odorizant-cu-ulei-esential-de-menta-5-ml\/","url":"https:\/\/lavandula.ro\/produs\/odorizant-cu-ulei-esential-de-menta-5-ml\/","name":"Odorizant cu ulei esen\u021bial de ment\u0103 5 ml - Lavandula","isPartOf":{"@id":"https:\/\/lavandula.ro\/#website"},"primaryImageOfPage":{"@id":"https:\/\/lavandula.ro\/produs\/odorizant-cu-ulei-esential-de-menta-5-ml\/#primaryimage"},"image":{"@id":"https:\/\/lavandula.ro\/produs\/odorizant-cu-ulei-esential-de-menta-5-ml\/#primaryimage"},"thumbnailUrl":"https:\/\/lavandula.ro\/wp-content\/uploads\/2024\/08\/Mauto2023.jpg","datePublished":"2024-08-14T19:18:33+00:00","dateModified":"2025-09-05T10:33:22+00:00","description":"\u00cemprosp\u0103teaz\u0103-\u021bi ma\u0219ina cu odorizantul auto cu ulei de ment\u0103, perfect pentru a crea o atmosfer\u0103 energizant\u0103 \u0219i r\u0103coritoare \u00een timpul c\u0103l\u0103toriilor.","breadcrumb":{"@id":"https:\/\/lavandula.ro\/produs\/odorizant-cu-ulei-esential-de-menta-5-ml\/#breadcrumb"},"inLanguage":"hu","potentialAction":[{"@type":"ReadAction","target":["https:\/\/lavandula.ro\/produs\/odorizant-cu-ulei-esential-de-menta-5-ml\/"]}]},{"@type":"ImageObject","inLanguage":"hu","@id":"https:\/\/lavandula.ro\/produs\/odorizant-cu-ulei-esential-de-menta-5-ml\/#primaryimage","url":"https:\/\/lavandula.ro\/wp-content\/uploads\/2024\/08\/Mauto2023.jpg","contentUrl":"https:\/\/lavandula.ro\/wp-content\/uploads\/2024\/08\/Mauto2023.jpg","width":1080,"height":1081,"caption":"Lavandula"},{"@type":"BreadcrumbList","@id":"https:\/\/lavandula.ro\/produs\/odorizant-cu-ulei-esential-de-menta-5-ml\/#breadcrumb","itemListElement":[{"@type":"ListItem","position":1,"name":"Prima pagin\u0103","item":"https:\/\/lavandula.ro\/"},{"@type":"ListItem","position":2,"name":"Produse","item":"https:\/\/lavandula.ro\/produse\/"},{"@type":"ListItem","position":3,"name":"Odorizant cu ulei esen\u021bial de ment\u0103 5 ml"}]},{"@type":"WebSite","@id":"https:\/\/lavandula.ro\/#website","url":"https:\/\/lavandula.ro\/","name":"Lavandula","description":"Bine\u00een\u021beles natural!","publisher":{"@id":"https:\/\/lavandula.ro\/#organization"},"potentialAction":[{"@type":"SearchAction","target":{"@type":"EntryPoint","urlTemplate":"https:\/\/lavandula.ro\/?s={search_term_string}"},"query-input":{"@type":"PropertyValueSpecification","valueRequired":true,"valueName":"search_term_string"}}],"inLanguage":"hu"},{"@type":"Organization","@id":"https:\/\/lavandula.ro\/#organization","name":"Lavandula","url":"https:\/\/lavandula.ro\/","logo":{"@type":"ImageObject","inLanguage":"hu","@id":"https:\/\/lavandula.ro\/#\/schema\/logo\/image\/","url":"https:\/\/lavandula.ro\/wp-content\/uploads\/2024\/08\/L.png","contentUrl":"https:\/\/lavandula.ro\/wp-content\/uploads\/2024\/08\/L.png","width":1330,"height":592,"caption":"Lavandula"},"image":{"@id":"https:\/\/lavandula.ro\/#\/schema\/logo\/image\/"},"sameAs":["https:\/\/www.facebook.com\/Rlavandula"]}]}},"_links":{"self":[{"href":"https:\/\/lavandula.ro\/hu_hu\/wp-json\/wp\/v2\/product\/6371","targetHints":{"allow":["GET"]}}],"collection":[{"href":"https:\/\/lavandula.ro\/hu_hu\/wp-json\/wp\/v2\/product"}],"about":[{"href":"https:\/\/lavandula.ro\/hu_hu\/wp-json\/wp\/v2\/types\/product"}],"replies":[{"embeddable":true,"href":"https:\/\/lavandula.ro\/hu_hu\/wp-json\/wp\/v2\/comments?post=6371"}],"wp:featuredmedia":[{"embeddable":true,"href":"https:\/\/lavandula.ro\/hu_hu\/wp-json\/wp\/v2\/media\/6372"}],"wp:attachment":[{"href":"https:\/\/lavandula.ro\/hu_hu\/wp-json\/wp\/v2\/media?parent=6371"}],"wp:term":[{"taxonomy":"product_brand","embeddable":true,"href":"https:\/\/lavandula.ro\/hu_hu\/wp-json\/wp\/v2\/product_brand?post=6371"},{"taxonomy":"product_cat","embeddable":true,"href":"https:\/\/lavandula.ro\/hu_hu\/wp-json\/wp\/v2\/product_cat?post=6371"},{"taxonomy":"product_tag","embeddable":true,"href":"https:\/\/lavandula.ro\/hu_hu\/wp-json\/wp\/v2\/product_tag?post=6371"}],"curies":[{"name":"wp","href":"https:\/\/api.w.org\/{rel}","templated":true}]}}