{"id":6365,"date":"2024-08-14T21:09:01","date_gmt":"2024-08-14T19:09:01","guid":{"rendered":"https:\/\/lavandula.ro\/?post_type=product&#038;p=6365"},"modified":"2025-03-25T08:03:43","modified_gmt":"2025-03-25T06:03:43","slug":"butasi-lavanda","status":"publish","type":"product","link":"https:\/\/lavandula.ro\/hu_hu\/termek\/butasi-lavanda\/","title":{"rendered":"Levendula pal\u00e1nta"},"content":{"rendered":"<p>K\u00f6zvetlen\u00fcl az \u00fcltet\u00e9s ut\u00e1n a levendul\u00e1t meg kell \u00f6nt\u00f6zni. Az \u00fajonnan \u00fcltetett levendul\u00e1nak t\u00f6bb v\u00edzre van sz\u00fcks\u00e9ge, mint az \u00e9rett n\u00f6v\u00e9nynek, hogy er\u0151s gy\u00f6k\u00e9rrendszert fejlesszen ki. A 2 \u00e9vn\u00e9l id\u0151sebb n\u00f6v\u00e9nyek csak akkor \u00e9lhetnek meg csapad\u00e9kv\u00edzzel, ha az \u00e9ves csapad\u00e9kmennyis\u00e9g meghaladja a 450 mm\/nm-t.<\/p>\n<p>Karbantart\u00f3 metsz\u00e9s sz\u00fcks\u00e9ges a n\u00f6v\u00e9ny n\u00f6veked\u00e9s\u00e9hez \u00e9s v\u00e9delm\u00e9hez. Az els\u0151 metsz\u00e9s az els\u0151 teny\u00e9szid\u0151szakban t\u00f6rt\u00e9nik, amikor az els\u0151 r\u00fcgyek vir\u00e1goznak. A metsz\u00e9s c\u00e9lja a n\u00f6v\u00e9ny fejl\u0151d\u00e9s\u00e9nek el\u0151seg\u00edt\u00e9se. Ezut\u00e1n \u00e9vente egyszer metszeni kell. B\u00e1r a n\u00f6v\u00e9ny tavasszal is metszhet\u0151, a karbantart\u00e1st \u00e1ltal\u00e1ban ny\u00e1r v\u00e9g\u00e9n vagy kora \u0151sszel, betakar\u00edt\u00e1s ut\u00e1n kell elv\u00e9gezni. F\u0151leg az olajra termesztett fajt\u00e1kn\u00e1l, amelyekn\u00e9l csak a vir\u00e1gokat sz\u00fcretelik le, a n\u00f6v\u00e9ny mintegy negyed\u00e9t lev\u00e1gj\u00e1k an\u00e9lk\u00fcl, hogy el\u00e9rn\u00e9k a n\u00f6v\u00e9ny f\u00e1s r\u00e9sz\u00e9t.<\/p>","protected":false},"excerpt":{"rendered":"<p><strong>\u00dcltet\u00e9s<\/strong>: az \u00e9v b\u00e1rmely szak\u00e1ban, ha a talaj nem fagyott<br \/>\n<strong>Vir\u00e1gz\u00e1s<\/strong>: j\u00fanius eleje - j\u00falius k\u00f6zepe<br \/>\n<strong>Talaj<\/strong>: sz\u00e1raz, semleges vagy l\u00fagos pH<br \/>\n<strong>V\u00edzig\u00e9ny<\/strong>: ritk\u00e1n, sz\u00e1razs\u00e1gt\u0171r\u0151 n\u00f6v\u00e9ny<br \/>\n<strong>Nap<\/strong>: legal\u00e1bb napi 6 \u00f3r\u00e1n kereszt\u00fcl<br \/>\n<strong>Tr\u00e1gy\u00e1z\u00e1s<\/strong>: ritk\u00e1n<br \/>\n<strong>Vonzza<\/strong>: lepk\u00e9k \u00e9s m\u00e9hek<br \/>\n<strong>T\u00e1vols\u00e1g<\/strong>40-50 cm a t\u00f6vek k\u00f6z\u00f6tt<\/p>","protected":false},"featured_media":6366,"comment_status":"open","ping_status":"closed","template":"","meta":[],"product_brand":[],"product_cat":[37],"product_tag":[44,57,39,56],"class_list":{"0":"post-6365","1":"product","2":"type-product","3":"status-publish","4":"has-post-thumbnail","6":"product_cat-decoratiuni","7":"product_tag-elegant","8":"product_tag-gradina","9":"product_tag-lavanda","10":"product_tag-planta","11":"rishi-post","13":"first","14":"outofstock","15":"shipping-taxable","16":"purchasable","17":"product-type-simple"},"yoast_head":"<!-- This site is optimized with the Yoast SEO plugin v27.6 - https:\/\/yoast.com\/product\/yoast-seo-wordpress\/ -->\n<title>Buta\u0219i lavand\u0103 - Lavandula<\/title>\n<meta name=\"description\" content=\"Achizi\u021bioneaz\u0103 buta\u0219i de lavand\u0103 de calitate pentru a aduce frumuse\u021bea \u0219i parfumul relaxant al lavandei \u00een gr\u0103dina ta. U\u0219or de plantat \u0219i \u00eentre\u021binut.\" \/>\n<meta name=\"robots\" content=\"index, follow, max-snippet:-1, max-image-preview:large, max-video-preview:-1\" \/>\n<link rel=\"canonical\" href=\"https:\/\/lavandula.ro\/hu_hu\/termek\/butasi-lavanda\/\" \/>\n<meta property=\"og:locale\" content=\"hu_HU\" \/>\n<meta property=\"og:type\" content=\"article\" \/>\n<meta property=\"og:title\" content=\"Buta\u0219i lavand\u0103 - Lavandula\" \/>\n<meta property=\"og:description\" content=\"Achizi\u021bioneaz\u0103 buta\u0219i de lavand\u0103 de calitate pentru a aduce frumuse\u021bea \u0219i parfumul relaxant al lavandei \u00een gr\u0103dina ta. U\u0219or de plantat \u0219i \u00eentre\u021binut.\" \/>\n<meta property=\"og:url\" content=\"https:\/\/lavandula.ro\/hu_hu\/termek\/butasi-lavanda\/\" \/>\n<meta property=\"og:site_name\" content=\"Lavandula\" \/>\n<meta property=\"article:publisher\" content=\"https:\/\/www.facebook.com\/Rlavandula\" \/>\n<meta property=\"article:modified_time\" content=\"2025-03-25T06:03:43+00:00\" \/>\n<meta property=\"og:image\" content=\"https:\/\/lavandula.ro\/wp-content\/uploads\/2024\/08\/butasi-lavanda.jpg\" \/>\n\t<meta property=\"og:image:width\" content=\"1024\" \/>\n\t<meta property=\"og:image:height\" content=\"1024\" \/>\n\t<meta property=\"og:image:type\" content=\"image\/jpeg\" \/>\n<meta name=\"twitter:card\" content=\"summary_large_image\" \/>\n<meta name=\"twitter:label1\" content=\"Becs\u00fclt olvas\u00e1si id\u0151\" \/>\n\t<meta name=\"twitter:data1\" content=\"1 perc\" \/>\n<script type=\"application\/ld+json\" class=\"yoast-schema-graph\">{\"@context\":\"https:\\\/\\\/schema.org\",\"@graph\":[{\"@type\":\"WebPage\",\"@id\":\"https:\\\/\\\/lavandula.ro\\\/produs\\\/butasi-lavanda\\\/\",\"url\":\"https:\\\/\\\/lavandula.ro\\\/produs\\\/butasi-lavanda\\\/\",\"name\":\"Buta\u0219i lavand\u0103 - Lavandula\",\"isPartOf\":{\"@id\":\"https:\\\/\\\/lavandula.ro\\\/#website\"},\"primaryImageOfPage\":{\"@id\":\"https:\\\/\\\/lavandula.ro\\\/produs\\\/butasi-lavanda\\\/#primaryimage\"},\"image\":{\"@id\":\"https:\\\/\\\/lavandula.ro\\\/produs\\\/butasi-lavanda\\\/#primaryimage\"},\"thumbnailUrl\":\"https:\\\/\\\/lavandula.ro\\\/wp-content\\\/uploads\\\/2024\\\/08\\\/butasi-lavanda.jpg\",\"datePublished\":\"2024-08-14T19:09:01+00:00\",\"dateModified\":\"2025-03-25T06:03:43+00:00\",\"description\":\"Achizi\u021bioneaz\u0103 buta\u0219i de lavand\u0103 de calitate pentru a aduce frumuse\u021bea \u0219i parfumul relaxant al lavandei \u00een gr\u0103dina ta. U\u0219or de plantat \u0219i \u00eentre\u021binut.\",\"breadcrumb\":{\"@id\":\"https:\\\/\\\/lavandula.ro\\\/produs\\\/butasi-lavanda\\\/#breadcrumb\"},\"inLanguage\":\"hu\",\"potentialAction\":[{\"@type\":\"ReadAction\",\"target\":[\"https:\\\/\\\/lavandula.ro\\\/produs\\\/butasi-lavanda\\\/\"]}]},{\"@type\":\"ImageObject\",\"inLanguage\":\"hu\",\"@id\":\"https:\\\/\\\/lavandula.ro\\\/produs\\\/butasi-lavanda\\\/#primaryimage\",\"url\":\"https:\\\/\\\/lavandula.ro\\\/wp-content\\\/uploads\\\/2024\\\/08\\\/butasi-lavanda.jpg\",\"contentUrl\":\"https:\\\/\\\/lavandula.ro\\\/wp-content\\\/uploads\\\/2024\\\/08\\\/butasi-lavanda.jpg\",\"width\":1024,\"height\":1024,\"caption\":\"Lavandula\"},{\"@type\":\"BreadcrumbList\",\"@id\":\"https:\\\/\\\/lavandula.ro\\\/produs\\\/butasi-lavanda\\\/#breadcrumb\",\"itemListElement\":[{\"@type\":\"ListItem\",\"position\":1,\"name\":\"Prima pagin\u0103\",\"item\":\"https:\\\/\\\/lavandula.ro\\\/\"},{\"@type\":\"ListItem\",\"position\":2,\"name\":\"Produse\",\"item\":\"https:\\\/\\\/lavandula.ro\\\/produse\\\/\"},{\"@type\":\"ListItem\",\"position\":3,\"name\":\"Buta\u0219i lavand\u0103\"}]},{\"@type\":\"WebSite\",\"@id\":\"https:\\\/\\\/lavandula.ro\\\/#website\",\"url\":\"https:\\\/\\\/lavandula.ro\\\/\",\"name\":\"Lavandula\",\"description\":\"Bine\u00een\u021beles natural!\",\"publisher\":{\"@id\":\"https:\\\/\\\/lavandula.ro\\\/#organization\"},\"potentialAction\":[{\"@type\":\"SearchAction\",\"target\":{\"@type\":\"EntryPoint\",\"urlTemplate\":\"https:\\\/\\\/lavandula.ro\\\/?s={search_term_string}\"},\"query-input\":{\"@type\":\"PropertyValueSpecification\",\"valueRequired\":true,\"valueName\":\"search_term_string\"}}],\"inLanguage\":\"hu\"},{\"@type\":\"Organization\",\"@id\":\"https:\\\/\\\/lavandula.ro\\\/#organization\",\"name\":\"Lavandula\",\"url\":\"https:\\\/\\\/lavandula.ro\\\/\",\"logo\":{\"@type\":\"ImageObject\",\"inLanguage\":\"hu\",\"@id\":\"https:\\\/\\\/lavandula.ro\\\/#\\\/schema\\\/logo\\\/image\\\/\",\"url\":\"https:\\\/\\\/lavandula.ro\\\/wp-content\\\/uploads\\\/2024\\\/08\\\/L.png\",\"contentUrl\":\"https:\\\/\\\/lavandula.ro\\\/wp-content\\\/uploads\\\/2024\\\/08\\\/L.png\",\"width\":1330,\"height\":592,\"caption\":\"Lavandula\"},\"image\":{\"@id\":\"https:\\\/\\\/lavandula.ro\\\/#\\\/schema\\\/logo\\\/image\\\/\"},\"sameAs\":[\"https:\\\/\\\/www.facebook.com\\\/Rlavandula\"]}]}<\/script>\n<!-- \/ Yoast SEO plugin. -->","yoast_head_json":{"title":"Buta\u0219i lavand\u0103 - Lavandula","description":"Achizi\u021bioneaz\u0103 buta\u0219i de lavand\u0103 de calitate pentru a aduce frumuse\u021bea \u0219i parfumul relaxant al lavandei \u00een gr\u0103dina ta. U\u0219or de plantat \u0219i \u00eentre\u021binut.","robots":{"index":"index","follow":"follow","max-snippet":"max-snippet:-1","max-image-preview":"max-image-preview:large","max-video-preview":"max-video-preview:-1"},"canonical":"https:\/\/lavandula.ro\/hu_hu\/termek\/butasi-lavanda\/","og_locale":"hu_HU","og_type":"article","og_title":"Buta\u0219i lavand\u0103 - Lavandula","og_description":"Achizi\u021bioneaz\u0103 buta\u0219i de lavand\u0103 de calitate pentru a aduce frumuse\u021bea \u0219i parfumul relaxant al lavandei \u00een gr\u0103dina ta. U\u0219or de plantat \u0219i \u00eentre\u021binut.","og_url":"https:\/\/lavandula.ro\/hu_hu\/termek\/butasi-lavanda\/","og_site_name":"Lavandula","article_publisher":"https:\/\/www.facebook.com\/Rlavandula","article_modified_time":"2025-03-25T06:03:43+00:00","og_image":[{"width":1024,"height":1024,"url":"https:\/\/lavandula.ro\/wp-content\/uploads\/2024\/08\/butasi-lavanda.jpg","type":"image\/jpeg"}],"twitter_card":"summary_large_image","twitter_misc":{"Becs\u00fclt olvas\u00e1si id\u0151":"1 perc"},"schema":{"@context":"https:\/\/schema.org","@graph":[{"@type":"WebPage","@id":"https:\/\/lavandula.ro\/produs\/butasi-lavanda\/","url":"https:\/\/lavandula.ro\/produs\/butasi-lavanda\/","name":"Buta\u0219i lavand\u0103 - Lavandula","isPartOf":{"@id":"https:\/\/lavandula.ro\/#website"},"primaryImageOfPage":{"@id":"https:\/\/lavandula.ro\/produs\/butasi-lavanda\/#primaryimage"},"image":{"@id":"https:\/\/lavandula.ro\/produs\/butasi-lavanda\/#primaryimage"},"thumbnailUrl":"https:\/\/lavandula.ro\/wp-content\/uploads\/2024\/08\/butasi-lavanda.jpg","datePublished":"2024-08-14T19:09:01+00:00","dateModified":"2025-03-25T06:03:43+00:00","description":"Achizi\u021bioneaz\u0103 buta\u0219i de lavand\u0103 de calitate pentru a aduce frumuse\u021bea \u0219i parfumul relaxant al lavandei \u00een gr\u0103dina ta. U\u0219or de plantat \u0219i \u00eentre\u021binut.","breadcrumb":{"@id":"https:\/\/lavandula.ro\/produs\/butasi-lavanda\/#breadcrumb"},"inLanguage":"hu","potentialAction":[{"@type":"ReadAction","target":["https:\/\/lavandula.ro\/produs\/butasi-lavanda\/"]}]},{"@type":"ImageObject","inLanguage":"hu","@id":"https:\/\/lavandula.ro\/produs\/butasi-lavanda\/#primaryimage","url":"https:\/\/lavandula.ro\/wp-content\/uploads\/2024\/08\/butasi-lavanda.jpg","contentUrl":"https:\/\/lavandula.ro\/wp-content\/uploads\/2024\/08\/butasi-lavanda.jpg","width":1024,"height":1024,"caption":"Lavandula"},{"@type":"BreadcrumbList","@id":"https:\/\/lavandula.ro\/produs\/butasi-lavanda\/#breadcrumb","itemListElement":[{"@type":"ListItem","position":1,"name":"Prima pagin\u0103","item":"https:\/\/lavandula.ro\/"},{"@type":"ListItem","position":2,"name":"Produse","item":"https:\/\/lavandula.ro\/produse\/"},{"@type":"ListItem","position":3,"name":"Buta\u0219i lavand\u0103"}]},{"@type":"WebSite","@id":"https:\/\/lavandula.ro\/#website","url":"https:\/\/lavandula.ro\/","name":"Lavandula","description":"Bine\u00een\u021beles natural!","publisher":{"@id":"https:\/\/lavandula.ro\/#organization"},"potentialAction":[{"@type":"SearchAction","target":{"@type":"EntryPoint","urlTemplate":"https:\/\/lavandula.ro\/?s={search_term_string}"},"query-input":{"@type":"PropertyValueSpecification","valueRequired":true,"valueName":"search_term_string"}}],"inLanguage":"hu"},{"@type":"Organization","@id":"https:\/\/lavandula.ro\/#organization","name":"Lavandula","url":"https:\/\/lavandula.ro\/","logo":{"@type":"ImageObject","inLanguage":"hu","@id":"https:\/\/lavandula.ro\/#\/schema\/logo\/image\/","url":"https:\/\/lavandula.ro\/wp-content\/uploads\/2024\/08\/L.png","contentUrl":"https:\/\/lavandula.ro\/wp-content\/uploads\/2024\/08\/L.png","width":1330,"height":592,"caption":"Lavandula"},"image":{"@id":"https:\/\/lavandula.ro\/#\/schema\/logo\/image\/"},"sameAs":["https:\/\/www.facebook.com\/Rlavandula"]}]}},"_links":{"self":[{"href":"https:\/\/lavandula.ro\/hu_hu\/wp-json\/wp\/v2\/product\/6365","targetHints":{"allow":["GET"]}}],"collection":[{"href":"https:\/\/lavandula.ro\/hu_hu\/wp-json\/wp\/v2\/product"}],"about":[{"href":"https:\/\/lavandula.ro\/hu_hu\/wp-json\/wp\/v2\/types\/product"}],"replies":[{"embeddable":true,"href":"https:\/\/lavandula.ro\/hu_hu\/wp-json\/wp\/v2\/comments?post=6365"}],"wp:featuredmedia":[{"embeddable":true,"href":"https:\/\/lavandula.ro\/hu_hu\/wp-json\/wp\/v2\/media\/6366"}],"wp:attachment":[{"href":"https:\/\/lavandula.ro\/hu_hu\/wp-json\/wp\/v2\/media?parent=6365"}],"wp:term":[{"taxonomy":"product_brand","embeddable":true,"href":"https:\/\/lavandula.ro\/hu_hu\/wp-json\/wp\/v2\/product_brand?post=6365"},{"taxonomy":"product_cat","embeddable":true,"href":"https:\/\/lavandula.ro\/hu_hu\/wp-json\/wp\/v2\/product_cat?post=6365"},{"taxonomy":"product_tag","embeddable":true,"href":"https:\/\/lavandula.ro\/hu_hu\/wp-json\/wp\/v2\/product_tag?post=6365"}],"curies":[{"name":"wp","href":"https:\/\/api.w.org\/{rel}","templated":true}]}}