{"id":6277,"date":"2024-08-12T16:21:15","date_gmt":"2024-08-12T14:21:15","guid":{"rendered":"https:\/\/lavandula.ro\/?post_type=product&#038;p=6277"},"modified":"2025-09-05T12:33:43","modified_gmt":"2025-09-05T10:33:43","slug":"sirop-de-lavanda-170-ml","status":"publish","type":"product","link":"https:\/\/lavandula.ro\/hu_hu\/termek\/sirop-de-lavanda-170-ml\/","title":{"rendered":"Levendulasz\u00f6rp 170 ml"},"content":{"rendered":"<h5>Felhaszn\u00e1l\u00e1s:<\/h5>\n<ul>\n<li>seg\u00edt a kikapcsol\u00f3d\u00e1sban \u00e9s az elalv\u00e1sban<\/li>\n<li>neuraszt\u00e9nia, t\u00falterhelts\u00e9g, idegi ingerl\u00e9kenys\u00e9g, fejf\u00e1j\u00e1s \u00e9s depresszi\u00f3 eset\u00e9n is javallott<\/li>\n<li>jelent\u0151sen cs\u00f6kkenti a migr\u00e9nt<\/li>\n<li>jav\u00edtja az em\u00e9szt\u00e9st, megsz\u00fcnteti a puffad\u00e1st \u00e9s serkenti az epeelv\u00e1laszt\u00e1st<\/li>\n<li>kiegyens\u00falyozza a v\u00e9rcukorszintet<\/li>\n<\/ul>","protected":false},"excerpt":{"rendered":"<p><strong>Haszn\u00e1lati m\u00f3d:<\/strong><\/p>\n<ul>\n<li>fogyaszthat\u00f3 \u00f6nmag\u00e1ban (2-3 kan\u00e1l\/ nap) vagy v\u00edzzel h\u00edg\u00edtva (1:5)<\/li>\n<li>k\u00fcl\u00f6nf\u00e9le kokt\u00e9lokhoz haszn\u00e1lhat\u00f3<\/li>\n<li>\u00e9des\u00edt\u0151szerk\u00e9nt a k\u00e1v\u00e9ban<\/li>\n<\/ul>","protected":false},"featured_media":6403,"comment_status":"open","ping_status":"closed","template":"","meta":[],"product_brand":[],"product_cat":[36],"product_tag":[54,39,55],"class_list":{"0":"post-6277","1":"product","2":"type-product","3":"status-publish","4":"has-post-thumbnail","6":"product_cat-ingrijire-personala","7":"product_tag-aroma-florala","8":"product_tag-lavanda","9":"product_tag-sirop","10":"rishi-post","12":"first","13":"instock","14":"shipping-taxable","15":"purchasable","16":"product-type-simple"},"yoast_head":"<!-- This site is optimized with the Yoast SEO plugin v27.6 - https:\/\/yoast.com\/product\/yoast-seo-wordpress\/ -->\n<title>Sirop de lavand\u0103 170 ml - Lavandula<\/title>\n<meta name=\"description\" content=\"Descoper\u0103 siropul de lavand\u0103, perfect pentru a \u00eembog\u0103\u021bi b\u0103uturile \u0219i deserturile cu o arom\u0103 floral\u0103 \u0219i delicat\u0103. R\u0103sf\u0103\u021b culinar la fiecare pic\u0103tur\u0103.\" \/>\n<meta name=\"robots\" content=\"index, follow, max-snippet:-1, max-image-preview:large, max-video-preview:-1\" \/>\n<link rel=\"canonical\" href=\"https:\/\/lavandula.ro\/hu_hu\/termek\/sirop-de-lavanda-170-ml\/\" \/>\n<meta property=\"og:locale\" content=\"hu_HU\" \/>\n<meta property=\"og:type\" content=\"article\" \/>\n<meta property=\"og:title\" content=\"Sirop de lavand\u0103 170 ml - Lavandula\" \/>\n<meta property=\"og:description\" content=\"Descoper\u0103 siropul de lavand\u0103, perfect pentru a \u00eembog\u0103\u021bi b\u0103uturile \u0219i deserturile cu o arom\u0103 floral\u0103 \u0219i delicat\u0103. R\u0103sf\u0103\u021b culinar la fiecare pic\u0103tur\u0103.\" \/>\n<meta property=\"og:url\" content=\"https:\/\/lavandula.ro\/hu_hu\/termek\/sirop-de-lavanda-170-ml\/\" \/>\n<meta property=\"og:site_name\" content=\"Lavandula\" \/>\n<meta property=\"article:publisher\" content=\"https:\/\/www.facebook.com\/Rlavandula\" \/>\n<meta property=\"article:modified_time\" content=\"2025-09-05T10:33:43+00:00\" \/>\n<meta property=\"og:image\" content=\"https:\/\/lavandula.ro\/wp-content\/uploads\/2024\/08\/Lszorp2024.jpg\" \/>\n\t<meta property=\"og:image:width\" content=\"1080\" \/>\n\t<meta property=\"og:image:height\" content=\"1080\" \/>\n\t<meta property=\"og:image:type\" content=\"image\/jpeg\" \/>\n<meta name=\"twitter:card\" content=\"summary_large_image\" \/>\n<meta name=\"twitter:label1\" content=\"Becs\u00fclt olvas\u00e1si id\u0151\" \/>\n\t<meta name=\"twitter:data1\" content=\"1 perc\" \/>\n<script type=\"application\/ld+json\" class=\"yoast-schema-graph\">{\"@context\":\"https:\\\/\\\/schema.org\",\"@graph\":[{\"@type\":\"WebPage\",\"@id\":\"https:\\\/\\\/lavandula.ro\\\/produs\\\/sirop-de-lavanda-170-ml\\\/\",\"url\":\"https:\\\/\\\/lavandula.ro\\\/produs\\\/sirop-de-lavanda-170-ml\\\/\",\"name\":\"Sirop de lavand\u0103 170 ml - Lavandula\",\"isPartOf\":{\"@id\":\"https:\\\/\\\/lavandula.ro\\\/#website\"},\"primaryImageOfPage\":{\"@id\":\"https:\\\/\\\/lavandula.ro\\\/produs\\\/sirop-de-lavanda-170-ml\\\/#primaryimage\"},\"image\":{\"@id\":\"https:\\\/\\\/lavandula.ro\\\/produs\\\/sirop-de-lavanda-170-ml\\\/#primaryimage\"},\"thumbnailUrl\":\"https:\\\/\\\/lavandula.ro\\\/wp-content\\\/uploads\\\/2024\\\/08\\\/Lszorp2024.jpg\",\"datePublished\":\"2024-08-12T14:21:15+00:00\",\"dateModified\":\"2025-09-05T10:33:43+00:00\",\"description\":\"Descoper\u0103 siropul de lavand\u0103, perfect pentru a \u00eembog\u0103\u021bi b\u0103uturile \u0219i deserturile cu o arom\u0103 floral\u0103 \u0219i delicat\u0103. R\u0103sf\u0103\u021b culinar la fiecare pic\u0103tur\u0103.\",\"breadcrumb\":{\"@id\":\"https:\\\/\\\/lavandula.ro\\\/produs\\\/sirop-de-lavanda-170-ml\\\/#breadcrumb\"},\"inLanguage\":\"hu\",\"potentialAction\":[{\"@type\":\"ReadAction\",\"target\":[\"https:\\\/\\\/lavandula.ro\\\/produs\\\/sirop-de-lavanda-170-ml\\\/\"]}]},{\"@type\":\"ImageObject\",\"inLanguage\":\"hu\",\"@id\":\"https:\\\/\\\/lavandula.ro\\\/produs\\\/sirop-de-lavanda-170-ml\\\/#primaryimage\",\"url\":\"https:\\\/\\\/lavandula.ro\\\/wp-content\\\/uploads\\\/2024\\\/08\\\/Lszorp2024.jpg\",\"contentUrl\":\"https:\\\/\\\/lavandula.ro\\\/wp-content\\\/uploads\\\/2024\\\/08\\\/Lszorp2024.jpg\",\"width\":1080,\"height\":1080,\"caption\":\"Lavandula.ro\"},{\"@type\":\"BreadcrumbList\",\"@id\":\"https:\\\/\\\/lavandula.ro\\\/produs\\\/sirop-de-lavanda-170-ml\\\/#breadcrumb\",\"itemListElement\":[{\"@type\":\"ListItem\",\"position\":1,\"name\":\"Prima pagin\u0103\",\"item\":\"https:\\\/\\\/lavandula.ro\\\/\"},{\"@type\":\"ListItem\",\"position\":2,\"name\":\"Produse\",\"item\":\"https:\\\/\\\/lavandula.ro\\\/produse\\\/\"},{\"@type\":\"ListItem\",\"position\":3,\"name\":\"Sirop de lavand\u0103 170 ml\"}]},{\"@type\":\"WebSite\",\"@id\":\"https:\\\/\\\/lavandula.ro\\\/#website\",\"url\":\"https:\\\/\\\/lavandula.ro\\\/\",\"name\":\"Lavandula\",\"description\":\"Bine\u00een\u021beles natural!\",\"publisher\":{\"@id\":\"https:\\\/\\\/lavandula.ro\\\/#organization\"},\"potentialAction\":[{\"@type\":\"SearchAction\",\"target\":{\"@type\":\"EntryPoint\",\"urlTemplate\":\"https:\\\/\\\/lavandula.ro\\\/?s={search_term_string}\"},\"query-input\":{\"@type\":\"PropertyValueSpecification\",\"valueRequired\":true,\"valueName\":\"search_term_string\"}}],\"inLanguage\":\"hu\"},{\"@type\":\"Organization\",\"@id\":\"https:\\\/\\\/lavandula.ro\\\/#organization\",\"name\":\"Lavandula\",\"url\":\"https:\\\/\\\/lavandula.ro\\\/\",\"logo\":{\"@type\":\"ImageObject\",\"inLanguage\":\"hu\",\"@id\":\"https:\\\/\\\/lavandula.ro\\\/#\\\/schema\\\/logo\\\/image\\\/\",\"url\":\"https:\\\/\\\/lavandula.ro\\\/wp-content\\\/uploads\\\/2024\\\/08\\\/L.png\",\"contentUrl\":\"https:\\\/\\\/lavandula.ro\\\/wp-content\\\/uploads\\\/2024\\\/08\\\/L.png\",\"width\":1330,\"height\":592,\"caption\":\"Lavandula\"},\"image\":{\"@id\":\"https:\\\/\\\/lavandula.ro\\\/#\\\/schema\\\/logo\\\/image\\\/\"},\"sameAs\":[\"https:\\\/\\\/www.facebook.com\\\/Rlavandula\"]}]}<\/script>\n<!-- \/ Yoast SEO plugin. -->","yoast_head_json":{"title":"Sirop de lavand\u0103 170 ml - Lavandula","description":"Descoper\u0103 siropul de lavand\u0103, perfect pentru a \u00eembog\u0103\u021bi b\u0103uturile \u0219i deserturile cu o arom\u0103 floral\u0103 \u0219i delicat\u0103. R\u0103sf\u0103\u021b culinar la fiecare pic\u0103tur\u0103.","robots":{"index":"index","follow":"follow","max-snippet":"max-snippet:-1","max-image-preview":"max-image-preview:large","max-video-preview":"max-video-preview:-1"},"canonical":"https:\/\/lavandula.ro\/hu_hu\/termek\/sirop-de-lavanda-170-ml\/","og_locale":"hu_HU","og_type":"article","og_title":"Sirop de lavand\u0103 170 ml - Lavandula","og_description":"Descoper\u0103 siropul de lavand\u0103, perfect pentru a \u00eembog\u0103\u021bi b\u0103uturile \u0219i deserturile cu o arom\u0103 floral\u0103 \u0219i delicat\u0103. R\u0103sf\u0103\u021b culinar la fiecare pic\u0103tur\u0103.","og_url":"https:\/\/lavandula.ro\/hu_hu\/termek\/sirop-de-lavanda-170-ml\/","og_site_name":"Lavandula","article_publisher":"https:\/\/www.facebook.com\/Rlavandula","article_modified_time":"2025-09-05T10:33:43+00:00","og_image":[{"width":1080,"height":1080,"url":"https:\/\/lavandula.ro\/wp-content\/uploads\/2024\/08\/Lszorp2024.jpg","type":"image\/jpeg"}],"twitter_card":"summary_large_image","twitter_misc":{"Becs\u00fclt olvas\u00e1si id\u0151":"1 perc"},"schema":{"@context":"https:\/\/schema.org","@graph":[{"@type":"WebPage","@id":"https:\/\/lavandula.ro\/produs\/sirop-de-lavanda-170-ml\/","url":"https:\/\/lavandula.ro\/produs\/sirop-de-lavanda-170-ml\/","name":"Sirop de lavand\u0103 170 ml - Lavandula","isPartOf":{"@id":"https:\/\/lavandula.ro\/#website"},"primaryImageOfPage":{"@id":"https:\/\/lavandula.ro\/produs\/sirop-de-lavanda-170-ml\/#primaryimage"},"image":{"@id":"https:\/\/lavandula.ro\/produs\/sirop-de-lavanda-170-ml\/#primaryimage"},"thumbnailUrl":"https:\/\/lavandula.ro\/wp-content\/uploads\/2024\/08\/Lszorp2024.jpg","datePublished":"2024-08-12T14:21:15+00:00","dateModified":"2025-09-05T10:33:43+00:00","description":"Descoper\u0103 siropul de lavand\u0103, perfect pentru a \u00eembog\u0103\u021bi b\u0103uturile \u0219i deserturile cu o arom\u0103 floral\u0103 \u0219i delicat\u0103. R\u0103sf\u0103\u021b culinar la fiecare pic\u0103tur\u0103.","breadcrumb":{"@id":"https:\/\/lavandula.ro\/produs\/sirop-de-lavanda-170-ml\/#breadcrumb"},"inLanguage":"hu","potentialAction":[{"@type":"ReadAction","target":["https:\/\/lavandula.ro\/produs\/sirop-de-lavanda-170-ml\/"]}]},{"@type":"ImageObject","inLanguage":"hu","@id":"https:\/\/lavandula.ro\/produs\/sirop-de-lavanda-170-ml\/#primaryimage","url":"https:\/\/lavandula.ro\/wp-content\/uploads\/2024\/08\/Lszorp2024.jpg","contentUrl":"https:\/\/lavandula.ro\/wp-content\/uploads\/2024\/08\/Lszorp2024.jpg","width":1080,"height":1080,"caption":"Lavandula.ro"},{"@type":"BreadcrumbList","@id":"https:\/\/lavandula.ro\/produs\/sirop-de-lavanda-170-ml\/#breadcrumb","itemListElement":[{"@type":"ListItem","position":1,"name":"Prima pagin\u0103","item":"https:\/\/lavandula.ro\/"},{"@type":"ListItem","position":2,"name":"Produse","item":"https:\/\/lavandula.ro\/produse\/"},{"@type":"ListItem","position":3,"name":"Sirop de lavand\u0103 170 ml"}]},{"@type":"WebSite","@id":"https:\/\/lavandula.ro\/#website","url":"https:\/\/lavandula.ro\/","name":"Lavandula","description":"Bine\u00een\u021beles natural!","publisher":{"@id":"https:\/\/lavandula.ro\/#organization"},"potentialAction":[{"@type":"SearchAction","target":{"@type":"EntryPoint","urlTemplate":"https:\/\/lavandula.ro\/?s={search_term_string}"},"query-input":{"@type":"PropertyValueSpecification","valueRequired":true,"valueName":"search_term_string"}}],"inLanguage":"hu"},{"@type":"Organization","@id":"https:\/\/lavandula.ro\/#organization","name":"Lavandula","url":"https:\/\/lavandula.ro\/","logo":{"@type":"ImageObject","inLanguage":"hu","@id":"https:\/\/lavandula.ro\/#\/schema\/logo\/image\/","url":"https:\/\/lavandula.ro\/wp-content\/uploads\/2024\/08\/L.png","contentUrl":"https:\/\/lavandula.ro\/wp-content\/uploads\/2024\/08\/L.png","width":1330,"height":592,"caption":"Lavandula"},"image":{"@id":"https:\/\/lavandula.ro\/#\/schema\/logo\/image\/"},"sameAs":["https:\/\/www.facebook.com\/Rlavandula"]}]}},"_links":{"self":[{"href":"https:\/\/lavandula.ro\/hu_hu\/wp-json\/wp\/v2\/product\/6277","targetHints":{"allow":["GET"]}}],"collection":[{"href":"https:\/\/lavandula.ro\/hu_hu\/wp-json\/wp\/v2\/product"}],"about":[{"href":"https:\/\/lavandula.ro\/hu_hu\/wp-json\/wp\/v2\/types\/product"}],"replies":[{"embeddable":true,"href":"https:\/\/lavandula.ro\/hu_hu\/wp-json\/wp\/v2\/comments?post=6277"}],"wp:featuredmedia":[{"embeddable":true,"href":"https:\/\/lavandula.ro\/hu_hu\/wp-json\/wp\/v2\/media\/6403"}],"wp:attachment":[{"href":"https:\/\/lavandula.ro\/hu_hu\/wp-json\/wp\/v2\/media?parent=6277"}],"wp:term":[{"taxonomy":"product_brand","embeddable":true,"href":"https:\/\/lavandula.ro\/hu_hu\/wp-json\/wp\/v2\/product_brand?post=6277"},{"taxonomy":"product_cat","embeddable":true,"href":"https:\/\/lavandula.ro\/hu_hu\/wp-json\/wp\/v2\/product_cat?post=6277"},{"taxonomy":"product_tag","embeddable":true,"href":"https:\/\/lavandula.ro\/hu_hu\/wp-json\/wp\/v2\/product_tag?post=6277"}],"curies":[{"name":"wp","href":"https:\/\/api.w.org\/{rel}","templated":true}]}}