{"id":6271,"date":"2024-08-12T15:39:10","date_gmt":"2024-08-12T13:39:10","guid":{"rendered":"https:\/\/lavandula.ro\/?post_type=product&#038;p=6271"},"modified":"2024-09-14T13:37:31","modified_gmt":"2024-09-14T11:37:31","slug":"apa-de-lavanda-110-ml","status":"publish","type":"product","link":"https:\/\/lavandula.ro\/hu_hu\/termek\/apa-de-lavanda-110-ml\/","title":{"rendered":"Levendulav\u00edz 110 ml"},"content":{"rendered":"<p>A levendulav\u00edz 100%-ban term\u00e9szetes term\u00e9k, a levendulavir\u00e1g lep\u00e1rl\u00e1si folyamat\u00e1nak mell\u00e9kterm\u00e9ke.<\/p>\n<h5>A levendulav\u00edz tulajdons\u00e1gai<\/h5>\n<ul>\n<li>nyugtat\u00f3 \u00e9s friss\u00edt\u0151 a b\u0151r sz\u00e1m\u00e1ra<\/li>\n<li>serkent\u0151, el\u0151seg\u00edti a s\u00e9r\u00fclt b\u0151r helyre\u00e1ll\u00edt\u00e1s\u00e1t \u00e9s a b\u0151r regener\u00e1l\u00f3d\u00e1s\u00e1t<\/li>\n<li>tiszt\u00edtja a b\u0151rt \u00e9s a fejb\u0151rt<\/li>\n<li>toniz\u00e1l\u00f3 \u00e9s enyh\u00e9n \u00f6sszeh\u00faz\u00f3 hat\u00e1s\u00fa<\/li>\n<li>enyh\u00edti a b\u0151rp\u00edrt, le\u00e9g\u00e9st, irrit\u00e1ci\u00f3t<\/li>\n<\/ul>\n<h5>Felhaszn\u00e1l\u00e1s<\/h5>\n<ul>\n<li>b\u00e1rmilyen t\u00edpus\u00fa b\u0151r higi\u00e9ni\u00e1ja \u00e9s \u00e1pol\u00e1sa, k\u00fcl\u00f6n\u00f6sen egyenletlen, zs\u00edros vagy pattan\u00e1sos b\u0151r eset\u00e9n<\/li>\n<li>az \u00e9rz\u00e9keny b\u0151r higi\u00e9ni\u00e1ja \u00e9s \u00e1pol\u00e1sa<\/li>\n<li>az irrit\u00e1ci\u00f3, csal\u00e1nki\u00fct\u00e9s vagy rovarcs\u00edp\u00e9s \u00e1ltal \u00e9rintett s\u00e9r\u00fclt b\u0151r \u00e1pol\u00e1sa<\/li>\n<li>a sebek \u00e9s kisebb \u00e9g\u00e9si s\u00e9r\u00fcl\u00e9sek, harap\u00e1sok, nap\u00e9g\u00e9sek \u00e1ltal \u00e9rintett b\u0151r nyugtat\u00e1sa \u00e9s regener\u00e1l\u00e1sa<\/li>\n<li>borotv\u00e1lkoz\u00e1s, sz\u0151rtelen\u00edt\u00e9s ut\u00e1ni b\u0151rnyugtat\u00e1s<\/li>\n<li>gyermek b\u0151r\u00e1pol\u00e1s \u00e9s higi\u00e9nia<\/li>\n<li>fejb\u0151r \u00e1pol\u00e1sa \u00e9s higi\u00e9ni\u00e1ja<\/li>\n<\/ul>\n<h5>Hogyan haszn\u00e1ljuk a levendulavizet<\/h5>\n<ul>\n<li>ez egy olyan term\u00e9k, amely \u00f6nmag\u00e1ban is haszn\u00e1lhat\u00f3, k\u00f6zvetlen\u00fcl a b\u0151rre vagy a fejb\u0151rre vihet\u0151 fel<\/li>\n<li>permetezni vagy koronggal felvinni az arcra \u00e9s a nyakra, b\u0151rtiszt\u00edt\u00e1s ut\u00e1n<\/li>\n<li>\u00f6nmag\u00e1ban vagy m\u00e1s vir\u00e1gv\u00edzzel kombin\u00e1lva, toniz\u00e1l\u00f3k\u00e9nt a b\u0151rre kenve<\/li>\n<li>be\u00e9p\u00edthet\u0151 kozmetikai k\u00e9sz\u00edtm\u00e9nyekbe v\u00edz helyett vagy m\u00e1s vir\u00e1gvizekkel kombin\u00e1lva; emulzi\u00f3kban a vizes f\u00e1zishoz adj\u00e1k<\/li>\n<li>kr\u00e9mek, test\u00e1pol\u00f3k, g\u00e9lek, test\u00e1pol\u00f3 tejek k\u00e9sz\u00edt\u00e9s\u00e9nek \u00f6sszetev\u0151jek\u00e9nt<\/li>\n<li>agyagmaszk \u00f6sszetev\u0151jek\u00e9nt \u00e9s esetleg m\u00e1s speci\u00e1lis \u00f6sszetev\u0151kk\u00e9nt<\/li>\n<li>\u00f6nmag\u00e1ban vagy m\u00e1s speci\u00e1lis \u00f6sszetev\u0151kkel kombin\u00e1lva tiszta fejb\u0151rre alkalmazva<\/li>\n<\/ul>\n<p><strong><br \/>\nT\u00e1rol\u00e1s m\u00f3dja:\u00a0<\/strong>lehet\u0151leg a h\u0171t\u0151szekr\u00e9nyben<\/p>\n<p><strong>Biztons\u00e1gi adatok, haszn\u00e1lati \u00f3vint\u00e9zked\u00e9sek<\/strong>: kozmetikai felhaszn\u00e1l\u00e1s<\/p>","protected":false},"excerpt":{"rendered":"<p>A nyugtat\u00f3 \u00e9s vigasztal\u00f3 hat\u00e1s\u00fa levendulav\u00edz \u00e9rz\u00e9keny, irrit\u00e1lt, s\u00e9r\u00fclt vagy napf\u00e9ny \u00e1ltal k\u00e1ros\u00edtott b\u0151r vagy kisebb \u00e9g\u00e9si s\u00e9r\u00fcl\u00e9sek \u00e1pol\u00e1s\u00e1ra szolg\u00e1l. Gyermekb\u0151r, zs\u00edros vagy pattan\u00e1sos b\u0151r \u00e1pol\u00e1s\u00e1ra is el\u0151ny\u00f6s.<\/p>","protected":false},"featured_media":6400,"comment_status":"open","ping_status":"closed","template":"","meta":[],"product_brand":[],"product_cat":[36],"product_tag":[48,39,38,50,49,47],"class_list":{"0":"post-6271","1":"product","2":"type-product","3":"status-publish","4":"has-post-thumbnail","6":"product_cat-ingrijire-personala","7":"product_tag-hidratare","8":"product_tag-lavanda","9":"product_tag-natural","10":"product_tag-piele-sensibila","11":"product_tag-revigorare","12":"product_tag-tonic","13":"rishi-post","15":"first","16":"instock","17":"shipping-taxable","18":"purchasable","19":"product-type-simple"},"yoast_head":"<!-- This site is optimized with the Yoast SEO plugin v27.6 - https:\/\/yoast.com\/product\/yoast-seo-wordpress\/ -->\n<title>Ap\u0103 de lavand\u0103 110 ml - Lavandula<\/title>\n<meta name=\"description\" content=\"Descoper\u0103 apa de lavand\u0103, un tonic natural care hidrateaz\u0103, revigoreaz\u0103 \u0219i calmeaz\u0103 pielea, oferind o senza\u021bie de prospe\u021bime \u0219i relaxare.\" \/>\n<meta name=\"robots\" content=\"index, follow, max-snippet:-1, max-image-preview:large, max-video-preview:-1\" \/>\n<link rel=\"canonical\" href=\"https:\/\/lavandula.ro\/hu_hu\/termek\/apa-de-lavanda-110-ml\/\" \/>\n<meta property=\"og:locale\" content=\"hu_HU\" \/>\n<meta property=\"og:type\" content=\"article\" \/>\n<meta property=\"og:title\" content=\"Ap\u0103 de lavand\u0103 110 ml - Lavandula\" \/>\n<meta property=\"og:description\" content=\"Descoper\u0103 apa de lavand\u0103, un tonic natural care hidrateaz\u0103, revigoreaz\u0103 \u0219i calmeaz\u0103 pielea, oferind o senza\u021bie de prospe\u021bime \u0219i relaxare.\" \/>\n<meta property=\"og:url\" content=\"https:\/\/lavandula.ro\/hu_hu\/termek\/apa-de-lavanda-110-ml\/\" \/>\n<meta property=\"og:site_name\" content=\"Lavandula\" \/>\n<meta property=\"article:publisher\" content=\"https:\/\/www.facebook.com\/Rlavandula\" \/>\n<meta property=\"article:modified_time\" content=\"2024-09-14T11:37:31+00:00\" \/>\n<meta property=\"og:image\" content=\"https:\/\/lavandula.ro\/wp-content\/uploads\/2024\/08\/Lviz2024.jpg\" \/>\n\t<meta property=\"og:image:width\" content=\"1080\" \/>\n\t<meta property=\"og:image:height\" content=\"1080\" \/>\n\t<meta property=\"og:image:type\" content=\"image\/jpeg\" \/>\n<meta name=\"twitter:card\" content=\"summary_large_image\" \/>\n<meta name=\"twitter:label1\" content=\"Becs\u00fclt olvas\u00e1si id\u0151\" \/>\n\t<meta name=\"twitter:data1\" content=\"2 perc\" \/>\n<script type=\"application\/ld+json\" class=\"yoast-schema-graph\">{\"@context\":\"https:\\\/\\\/schema.org\",\"@graph\":[{\"@type\":\"WebPage\",\"@id\":\"https:\\\/\\\/lavandula.ro\\\/produs\\\/apa-de-lavanda-110-ml\\\/\",\"url\":\"https:\\\/\\\/lavandula.ro\\\/produs\\\/apa-de-lavanda-110-ml\\\/\",\"name\":\"Ap\u0103 de lavand\u0103 110 ml - Lavandula\",\"isPartOf\":{\"@id\":\"https:\\\/\\\/lavandula.ro\\\/#website\"},\"primaryImageOfPage\":{\"@id\":\"https:\\\/\\\/lavandula.ro\\\/produs\\\/apa-de-lavanda-110-ml\\\/#primaryimage\"},\"image\":{\"@id\":\"https:\\\/\\\/lavandula.ro\\\/produs\\\/apa-de-lavanda-110-ml\\\/#primaryimage\"},\"thumbnailUrl\":\"https:\\\/\\\/lavandula.ro\\\/wp-content\\\/uploads\\\/2024\\\/08\\\/Lviz2024.jpg\",\"datePublished\":\"2024-08-12T13:39:10+00:00\",\"dateModified\":\"2024-09-14T11:37:31+00:00\",\"description\":\"Descoper\u0103 apa de lavand\u0103, un tonic natural care hidrateaz\u0103, revigoreaz\u0103 \u0219i calmeaz\u0103 pielea, oferind o senza\u021bie de prospe\u021bime \u0219i relaxare.\",\"breadcrumb\":{\"@id\":\"https:\\\/\\\/lavandula.ro\\\/produs\\\/apa-de-lavanda-110-ml\\\/#breadcrumb\"},\"inLanguage\":\"hu\",\"potentialAction\":[{\"@type\":\"ReadAction\",\"target\":[\"https:\\\/\\\/lavandula.ro\\\/produs\\\/apa-de-lavanda-110-ml\\\/\"]}]},{\"@type\":\"ImageObject\",\"inLanguage\":\"hu\",\"@id\":\"https:\\\/\\\/lavandula.ro\\\/produs\\\/apa-de-lavanda-110-ml\\\/#primaryimage\",\"url\":\"https:\\\/\\\/lavandula.ro\\\/wp-content\\\/uploads\\\/2024\\\/08\\\/Lviz2024.jpg\",\"contentUrl\":\"https:\\\/\\\/lavandula.ro\\\/wp-content\\\/uploads\\\/2024\\\/08\\\/Lviz2024.jpg\",\"width\":1080,\"height\":1080,\"caption\":\"Lavandula.ro\"},{\"@type\":\"BreadcrumbList\",\"@id\":\"https:\\\/\\\/lavandula.ro\\\/produs\\\/apa-de-lavanda-110-ml\\\/#breadcrumb\",\"itemListElement\":[{\"@type\":\"ListItem\",\"position\":1,\"name\":\"Prima pagin\u0103\",\"item\":\"https:\\\/\\\/lavandula.ro\\\/\"},{\"@type\":\"ListItem\",\"position\":2,\"name\":\"Produse\",\"item\":\"https:\\\/\\\/lavandula.ro\\\/produse\\\/\"},{\"@type\":\"ListItem\",\"position\":3,\"name\":\"Ap\u0103 de lavand\u0103 110 ml\"}]},{\"@type\":\"WebSite\",\"@id\":\"https:\\\/\\\/lavandula.ro\\\/#website\",\"url\":\"https:\\\/\\\/lavandula.ro\\\/\",\"name\":\"Lavandula\",\"description\":\"Bine\u00een\u021beles natural!\",\"publisher\":{\"@id\":\"https:\\\/\\\/lavandula.ro\\\/#organization\"},\"potentialAction\":[{\"@type\":\"SearchAction\",\"target\":{\"@type\":\"EntryPoint\",\"urlTemplate\":\"https:\\\/\\\/lavandula.ro\\\/?s={search_term_string}\"},\"query-input\":{\"@type\":\"PropertyValueSpecification\",\"valueRequired\":true,\"valueName\":\"search_term_string\"}}],\"inLanguage\":\"hu\"},{\"@type\":\"Organization\",\"@id\":\"https:\\\/\\\/lavandula.ro\\\/#organization\",\"name\":\"Lavandula\",\"url\":\"https:\\\/\\\/lavandula.ro\\\/\",\"logo\":{\"@type\":\"ImageObject\",\"inLanguage\":\"hu\",\"@id\":\"https:\\\/\\\/lavandula.ro\\\/#\\\/schema\\\/logo\\\/image\\\/\",\"url\":\"https:\\\/\\\/lavandula.ro\\\/wp-content\\\/uploads\\\/2024\\\/08\\\/L.png\",\"contentUrl\":\"https:\\\/\\\/lavandula.ro\\\/wp-content\\\/uploads\\\/2024\\\/08\\\/L.png\",\"width\":1330,\"height\":592,\"caption\":\"Lavandula\"},\"image\":{\"@id\":\"https:\\\/\\\/lavandula.ro\\\/#\\\/schema\\\/logo\\\/image\\\/\"},\"sameAs\":[\"https:\\\/\\\/www.facebook.com\\\/Rlavandula\"]}]}<\/script>\n<!-- \/ Yoast SEO plugin. -->","yoast_head_json":{"title":"Ap\u0103 de lavand\u0103 110 ml - Lavandula","description":"Descoper\u0103 apa de lavand\u0103, un tonic natural care hidrateaz\u0103, revigoreaz\u0103 \u0219i calmeaz\u0103 pielea, oferind o senza\u021bie de prospe\u021bime \u0219i relaxare.","robots":{"index":"index","follow":"follow","max-snippet":"max-snippet:-1","max-image-preview":"max-image-preview:large","max-video-preview":"max-video-preview:-1"},"canonical":"https:\/\/lavandula.ro\/hu_hu\/termek\/apa-de-lavanda-110-ml\/","og_locale":"hu_HU","og_type":"article","og_title":"Ap\u0103 de lavand\u0103 110 ml - Lavandula","og_description":"Descoper\u0103 apa de lavand\u0103, un tonic natural care hidrateaz\u0103, revigoreaz\u0103 \u0219i calmeaz\u0103 pielea, oferind o senza\u021bie de prospe\u021bime \u0219i relaxare.","og_url":"https:\/\/lavandula.ro\/hu_hu\/termek\/apa-de-lavanda-110-ml\/","og_site_name":"Lavandula","article_publisher":"https:\/\/www.facebook.com\/Rlavandula","article_modified_time":"2024-09-14T11:37:31+00:00","og_image":[{"width":1080,"height":1080,"url":"https:\/\/lavandula.ro\/wp-content\/uploads\/2024\/08\/Lviz2024.jpg","type":"image\/jpeg"}],"twitter_card":"summary_large_image","twitter_misc":{"Becs\u00fclt olvas\u00e1si id\u0151":"2 perc"},"schema":{"@context":"https:\/\/schema.org","@graph":[{"@type":"WebPage","@id":"https:\/\/lavandula.ro\/produs\/apa-de-lavanda-110-ml\/","url":"https:\/\/lavandula.ro\/produs\/apa-de-lavanda-110-ml\/","name":"Ap\u0103 de lavand\u0103 110 ml - Lavandula","isPartOf":{"@id":"https:\/\/lavandula.ro\/#website"},"primaryImageOfPage":{"@id":"https:\/\/lavandula.ro\/produs\/apa-de-lavanda-110-ml\/#primaryimage"},"image":{"@id":"https:\/\/lavandula.ro\/produs\/apa-de-lavanda-110-ml\/#primaryimage"},"thumbnailUrl":"https:\/\/lavandula.ro\/wp-content\/uploads\/2024\/08\/Lviz2024.jpg","datePublished":"2024-08-12T13:39:10+00:00","dateModified":"2024-09-14T11:37:31+00:00","description":"Descoper\u0103 apa de lavand\u0103, un tonic natural care hidrateaz\u0103, revigoreaz\u0103 \u0219i calmeaz\u0103 pielea, oferind o senza\u021bie de prospe\u021bime \u0219i relaxare.","breadcrumb":{"@id":"https:\/\/lavandula.ro\/produs\/apa-de-lavanda-110-ml\/#breadcrumb"},"inLanguage":"hu","potentialAction":[{"@type":"ReadAction","target":["https:\/\/lavandula.ro\/produs\/apa-de-lavanda-110-ml\/"]}]},{"@type":"ImageObject","inLanguage":"hu","@id":"https:\/\/lavandula.ro\/produs\/apa-de-lavanda-110-ml\/#primaryimage","url":"https:\/\/lavandula.ro\/wp-content\/uploads\/2024\/08\/Lviz2024.jpg","contentUrl":"https:\/\/lavandula.ro\/wp-content\/uploads\/2024\/08\/Lviz2024.jpg","width":1080,"height":1080,"caption":"Lavandula.ro"},{"@type":"BreadcrumbList","@id":"https:\/\/lavandula.ro\/produs\/apa-de-lavanda-110-ml\/#breadcrumb","itemListElement":[{"@type":"ListItem","position":1,"name":"Prima pagin\u0103","item":"https:\/\/lavandula.ro\/"},{"@type":"ListItem","position":2,"name":"Produse","item":"https:\/\/lavandula.ro\/produse\/"},{"@type":"ListItem","position":3,"name":"Ap\u0103 de lavand\u0103 110 ml"}]},{"@type":"WebSite","@id":"https:\/\/lavandula.ro\/#website","url":"https:\/\/lavandula.ro\/","name":"Lavandula","description":"Bine\u00een\u021beles natural!","publisher":{"@id":"https:\/\/lavandula.ro\/#organization"},"potentialAction":[{"@type":"SearchAction","target":{"@type":"EntryPoint","urlTemplate":"https:\/\/lavandula.ro\/?s={search_term_string}"},"query-input":{"@type":"PropertyValueSpecification","valueRequired":true,"valueName":"search_term_string"}}],"inLanguage":"hu"},{"@type":"Organization","@id":"https:\/\/lavandula.ro\/#organization","name":"Lavandula","url":"https:\/\/lavandula.ro\/","logo":{"@type":"ImageObject","inLanguage":"hu","@id":"https:\/\/lavandula.ro\/#\/schema\/logo\/image\/","url":"https:\/\/lavandula.ro\/wp-content\/uploads\/2024\/08\/L.png","contentUrl":"https:\/\/lavandula.ro\/wp-content\/uploads\/2024\/08\/L.png","width":1330,"height":592,"caption":"Lavandula"},"image":{"@id":"https:\/\/lavandula.ro\/#\/schema\/logo\/image\/"},"sameAs":["https:\/\/www.facebook.com\/Rlavandula"]}]}},"_links":{"self":[{"href":"https:\/\/lavandula.ro\/hu_hu\/wp-json\/wp\/v2\/product\/6271","targetHints":{"allow":["GET"]}}],"collection":[{"href":"https:\/\/lavandula.ro\/hu_hu\/wp-json\/wp\/v2\/product"}],"about":[{"href":"https:\/\/lavandula.ro\/hu_hu\/wp-json\/wp\/v2\/types\/product"}],"replies":[{"embeddable":true,"href":"https:\/\/lavandula.ro\/hu_hu\/wp-json\/wp\/v2\/comments?post=6271"}],"wp:featuredmedia":[{"embeddable":true,"href":"https:\/\/lavandula.ro\/hu_hu\/wp-json\/wp\/v2\/media\/6400"}],"wp:attachment":[{"href":"https:\/\/lavandula.ro\/hu_hu\/wp-json\/wp\/v2\/media?parent=6271"}],"wp:term":[{"taxonomy":"product_brand","embeddable":true,"href":"https:\/\/lavandula.ro\/hu_hu\/wp-json\/wp\/v2\/product_brand?post=6271"},{"taxonomy":"product_cat","embeddable":true,"href":"https:\/\/lavandula.ro\/hu_hu\/wp-json\/wp\/v2\/product_cat?post=6271"},{"taxonomy":"product_tag","embeddable":true,"href":"https:\/\/lavandula.ro\/hu_hu\/wp-json\/wp\/v2\/product_tag?post=6271"}],"curies":[{"name":"wp","href":"https:\/\/api.w.org\/{rel}","templated":true}]}}