{"id":6199,"date":"2024-08-12T14:54:31","date_gmt":"2024-08-12T12:54:31","guid":{"rendered":"https:\/\/lavandula.ro\/?post_type=product&#038;p=6199"},"modified":"2024-09-14T13:39:29","modified_gmt":"2024-09-14T11:39:29","slug":"ulei-esential-de-lavanda-5-ml","status":"publish","type":"product","link":"https:\/\/lavandula.ro\/hu_hu\/termek\/ulei-esential-de-lavanda-5-ml\/","title":{"rendered":"Levendula ill\u00f3olaj 5 ml"},"content":{"rendered":"<p><b>A levendula ill\u00f3olaj tulajdons\u00e1gai<\/b><\/p>\n<ul>\n<li aria-level=\"1\">gyullad\u00e1scs\u00f6kkent\u0151, gombaellenes, fert\u0151tlen\u00edt\u0151, f\u00e1jdalomcsillap\u00edt\u00f3<\/li>\n<li aria-level=\"1\">enyh\u00edti a pattan\u00e1sokat \u00e9s k\u00fczd a pattan\u00e1sok ellen<\/li>\n<li aria-level=\"1\">jav\u00edtja az alv\u00e1s min\u0151s\u00e9g\u00e9t<\/li>\n<li aria-level=\"1\">nyugtatja az idegrendszert<\/li>\n<li aria-level=\"1\">el\u0151seg\u00edti a j\u00f3 k\u00f6z\u00e9rzetet \u00e9s a kikapcsol\u00f3d\u00e1st<\/li>\n<li aria-level=\"1\">megel\u0151zi a t\u00falzott hajhull\u00e1st<\/li>\n<li aria-level=\"1\">felgyors\u00edtja a sebek, \u00e9g\u00e9si s\u00e9r\u00fcl\u00e9sek, rovarcs\u00edp\u00e9sek gy\u00f3gyul\u00e1s\u00e1t<\/li>\n<li aria-level=\"1\">m\u00e9rs\u00e9kli a menstru\u00e1ci\u00f3s g\u00f6rcs\u00f6ket<\/li>\n<\/ul>\n<p><b>A levendula ill\u00f3olaj felhaszn\u00e1l\u00e1s\u00e1nak m\u00f3dja<\/b><\/p>\n<ul>\n<li aria-level=\"1\">rovarcs\u00edp\u00e9s megel\u0151z\u00e9s\u00e9re gyorsan felsz\u00edv\u00f3d\u00f3 olajban h\u00edg\u00edtva a b\u0151rre vihet\u0151<\/li>\n<li aria-level=\"1\">hajn\u00f6veked\u00e9s serkent\u00e9s\u00e9re vagy t\u00falzott hajhull\u00e1s eset\u00e9n k\u00f6zvetlen\u00fcl a fejb\u0151rre kenhet\u0151<\/li>\n<li aria-level=\"1\">massz\u00e1zsolajhoz adva el\u0151seg\u00edti a j\u00f3 k\u00f6z\u00e9rzetet \u00e9s a relax\u00e1ci\u00f3t<\/li>\n<li aria-level=\"1\">3-4 csepp aromater\u00e1pi\u00e1s diff\u00fazorhoz \u2013 az idegrendszerre \u00e9s a l\u00e9gz\u0151rendszerre egyar\u00e1nt hat, seg\u00edt az \u00e1lmatlans\u00e1g lek\u00fczd\u00e9s\u00e9ben, seg\u00edt a stressz okozta betegs\u00e9gek lek\u00fczd\u00e9s\u00e9ben<\/li>\n<li aria-level=\"1\">3-6 csepp (n\u00f6v\u00e9nyi olajjal vagy f\u00fcrd\u0151s\u00f3val keverve) f\u00fcrd\u0151v\u00edzbe, \u00e9lvezeti \u00e9s ter\u00e1pi\u00e1s c\u00e9lra egyar\u00e1nt<\/li>\n<\/ul>\n<p><b>T\u00e1rol\u00e1s m\u00f3dja:\u00a0<\/b>lehet\u0151leg a h\u0171t\u0151szekr\u00e9nyben<\/p>","protected":false},"excerpt":{"rendered":"<p><strong>Haszn\u00e1lata:<\/strong>\u00a0Arom\u00e1s \u2013 Diffund\u00e1ljon 3-4 csepp 100 ml v\u00edzhez. Tr\u00f3pusi \u2013 2-5%-ra h\u00edg\u00edtjuk hordoz\u00f3olajban.<\/p>\n<p><strong>N\u00f6v\u00e9ny:<\/strong>\u00a0Lavandula Angustifolia<\/p>\n<p><strong>Kivon\u00e1si m\u00f3dszer:<\/strong>\u00a0vir\u00e1gokb\u00f3l g\u0151zdesztill\u00e1lva<\/p>","protected":false},"featured_media":6401,"comment_status":"open","ping_status":"closed","template":"","meta":[],"product_brand":[],"product_cat":[36,35],"product_tag":[45,46,39,38,41],"class_list":{"0":"post-6199","1":"product","2":"type-product","3":"status-publish","4":"has-post-thumbnail","6":"product_cat-ingrijire-personala","7":"product_cat-odorizante","8":"product_tag-aromaterapie","9":"product_tag-calmare","10":"product_tag-lavanda","11":"product_tag-natural","12":"product_tag-relaxare","13":"rishi-post","15":"first","16":"instock","17":"shipping-taxable","18":"purchasable","19":"product-type-simple"},"yoast_head":"<!-- This site is optimized with the Yoast SEO plugin v27.6 - https:\/\/yoast.com\/product\/yoast-seo-wordpress\/ -->\n<title>Ulei esen\u021bial de lavand\u0103 5 ml - Lavandula<\/title>\n<meta name=\"description\" content=\"Ofer\u0103-\u021bi un moment de relaxare profund\u0103 cu uleiul esen\u021bial de lavand\u0103, un remediu natural pentru calmarea min\u021bii \u0219i revitalizarea spiritului.\" \/>\n<meta name=\"robots\" content=\"index, follow, max-snippet:-1, max-image-preview:large, max-video-preview:-1\" \/>\n<link rel=\"canonical\" href=\"https:\/\/lavandula.ro\/hu_hu\/termek\/ulei-esential-de-lavanda-5-ml\/\" \/>\n<meta property=\"og:locale\" content=\"hu_HU\" \/>\n<meta property=\"og:type\" content=\"article\" \/>\n<meta property=\"og:title\" content=\"Ulei esen\u021bial de lavand\u0103 5 ml - Lavandula\" \/>\n<meta property=\"og:description\" content=\"Ofer\u0103-\u021bi un moment de relaxare profund\u0103 cu uleiul esen\u021bial de lavand\u0103, un remediu natural pentru calmarea min\u021bii \u0219i revitalizarea spiritului.\" \/>\n<meta property=\"og:url\" content=\"https:\/\/lavandula.ro\/hu_hu\/termek\/ulei-esential-de-lavanda-5-ml\/\" \/>\n<meta property=\"og:site_name\" content=\"Lavandula\" \/>\n<meta property=\"article:publisher\" content=\"https:\/\/www.facebook.com\/Rlavandula\" \/>\n<meta property=\"article:modified_time\" content=\"2024-09-14T11:39:29+00:00\" \/>\n<meta property=\"og:image\" content=\"https:\/\/lavandula.ro\/wp-content\/uploads\/2024\/08\/Lolaj2024.jpg\" \/>\n\t<meta property=\"og:image:width\" content=\"1080\" \/>\n\t<meta property=\"og:image:height\" content=\"1080\" \/>\n\t<meta property=\"og:image:type\" content=\"image\/jpeg\" \/>\n<meta name=\"twitter:card\" content=\"summary_large_image\" \/>\n<meta name=\"twitter:label1\" content=\"Becs\u00fclt olvas\u00e1si id\u0151\" \/>\n\t<meta name=\"twitter:data1\" content=\"1 perc\" \/>\n<script type=\"application\/ld+json\" class=\"yoast-schema-graph\">{\"@context\":\"https:\\\/\\\/schema.org\",\"@graph\":[{\"@type\":\"WebPage\",\"@id\":\"https:\\\/\\\/lavandula.ro\\\/produs\\\/ulei-esential-de-lavanda-5-ml\\\/\",\"url\":\"https:\\\/\\\/lavandula.ro\\\/produs\\\/ulei-esential-de-lavanda-5-ml\\\/\",\"name\":\"Ulei esen\u021bial de lavand\u0103 5 ml - Lavandula\",\"isPartOf\":{\"@id\":\"https:\\\/\\\/lavandula.ro\\\/#website\"},\"primaryImageOfPage\":{\"@id\":\"https:\\\/\\\/lavandula.ro\\\/produs\\\/ulei-esential-de-lavanda-5-ml\\\/#primaryimage\"},\"image\":{\"@id\":\"https:\\\/\\\/lavandula.ro\\\/produs\\\/ulei-esential-de-lavanda-5-ml\\\/#primaryimage\"},\"thumbnailUrl\":\"https:\\\/\\\/lavandula.ro\\\/wp-content\\\/uploads\\\/2024\\\/08\\\/Lolaj2024.jpg\",\"datePublished\":\"2024-08-12T12:54:31+00:00\",\"dateModified\":\"2024-09-14T11:39:29+00:00\",\"description\":\"Ofer\u0103-\u021bi un moment de relaxare profund\u0103 cu uleiul esen\u021bial de lavand\u0103, un remediu natural pentru calmarea min\u021bii \u0219i revitalizarea spiritului.\",\"breadcrumb\":{\"@id\":\"https:\\\/\\\/lavandula.ro\\\/produs\\\/ulei-esential-de-lavanda-5-ml\\\/#breadcrumb\"},\"inLanguage\":\"hu\",\"potentialAction\":[{\"@type\":\"ReadAction\",\"target\":[\"https:\\\/\\\/lavandula.ro\\\/produs\\\/ulei-esential-de-lavanda-5-ml\\\/\"]}]},{\"@type\":\"ImageObject\",\"inLanguage\":\"hu\",\"@id\":\"https:\\\/\\\/lavandula.ro\\\/produs\\\/ulei-esential-de-lavanda-5-ml\\\/#primaryimage\",\"url\":\"https:\\\/\\\/lavandula.ro\\\/wp-content\\\/uploads\\\/2024\\\/08\\\/Lolaj2024.jpg\",\"contentUrl\":\"https:\\\/\\\/lavandula.ro\\\/wp-content\\\/uploads\\\/2024\\\/08\\\/Lolaj2024.jpg\",\"width\":1080,\"height\":1080,\"caption\":\"Lavandula.ro\"},{\"@type\":\"BreadcrumbList\",\"@id\":\"https:\\\/\\\/lavandula.ro\\\/produs\\\/ulei-esential-de-lavanda-5-ml\\\/#breadcrumb\",\"itemListElement\":[{\"@type\":\"ListItem\",\"position\":1,\"name\":\"Prima pagin\u0103\",\"item\":\"https:\\\/\\\/lavandula.ro\\\/\"},{\"@type\":\"ListItem\",\"position\":2,\"name\":\"Produse\",\"item\":\"https:\\\/\\\/lavandula.ro\\\/produse\\\/\"},{\"@type\":\"ListItem\",\"position\":3,\"name\":\"Ulei esen\u021bial de lavand\u0103 5 ml\"}]},{\"@type\":\"WebSite\",\"@id\":\"https:\\\/\\\/lavandula.ro\\\/#website\",\"url\":\"https:\\\/\\\/lavandula.ro\\\/\",\"name\":\"Lavandula\",\"description\":\"Bine\u00een\u021beles natural!\",\"publisher\":{\"@id\":\"https:\\\/\\\/lavandula.ro\\\/#organization\"},\"potentialAction\":[{\"@type\":\"SearchAction\",\"target\":{\"@type\":\"EntryPoint\",\"urlTemplate\":\"https:\\\/\\\/lavandula.ro\\\/?s={search_term_string}\"},\"query-input\":{\"@type\":\"PropertyValueSpecification\",\"valueRequired\":true,\"valueName\":\"search_term_string\"}}],\"inLanguage\":\"hu\"},{\"@type\":\"Organization\",\"@id\":\"https:\\\/\\\/lavandula.ro\\\/#organization\",\"name\":\"Lavandula\",\"url\":\"https:\\\/\\\/lavandula.ro\\\/\",\"logo\":{\"@type\":\"ImageObject\",\"inLanguage\":\"hu\",\"@id\":\"https:\\\/\\\/lavandula.ro\\\/#\\\/schema\\\/logo\\\/image\\\/\",\"url\":\"https:\\\/\\\/lavandula.ro\\\/wp-content\\\/uploads\\\/2024\\\/08\\\/L.png\",\"contentUrl\":\"https:\\\/\\\/lavandula.ro\\\/wp-content\\\/uploads\\\/2024\\\/08\\\/L.png\",\"width\":1330,\"height\":592,\"caption\":\"Lavandula\"},\"image\":{\"@id\":\"https:\\\/\\\/lavandula.ro\\\/#\\\/schema\\\/logo\\\/image\\\/\"},\"sameAs\":[\"https:\\\/\\\/www.facebook.com\\\/Rlavandula\"]}]}<\/script>\n<!-- \/ Yoast SEO plugin. -->","yoast_head_json":{"title":"Ulei esen\u021bial de lavand\u0103 5 ml - Lavandula","description":"Ofer\u0103-\u021bi un moment de relaxare profund\u0103 cu uleiul esen\u021bial de lavand\u0103, un remediu natural pentru calmarea min\u021bii \u0219i revitalizarea spiritului.","robots":{"index":"index","follow":"follow","max-snippet":"max-snippet:-1","max-image-preview":"max-image-preview:large","max-video-preview":"max-video-preview:-1"},"canonical":"https:\/\/lavandula.ro\/hu_hu\/termek\/ulei-esential-de-lavanda-5-ml\/","og_locale":"hu_HU","og_type":"article","og_title":"Ulei esen\u021bial de lavand\u0103 5 ml - Lavandula","og_description":"Ofer\u0103-\u021bi un moment de relaxare profund\u0103 cu uleiul esen\u021bial de lavand\u0103, un remediu natural pentru calmarea min\u021bii \u0219i revitalizarea spiritului.","og_url":"https:\/\/lavandula.ro\/hu_hu\/termek\/ulei-esential-de-lavanda-5-ml\/","og_site_name":"Lavandula","article_publisher":"https:\/\/www.facebook.com\/Rlavandula","article_modified_time":"2024-09-14T11:39:29+00:00","og_image":[{"width":1080,"height":1080,"url":"https:\/\/lavandula.ro\/wp-content\/uploads\/2024\/08\/Lolaj2024.jpg","type":"image\/jpeg"}],"twitter_card":"summary_large_image","twitter_misc":{"Becs\u00fclt olvas\u00e1si id\u0151":"1 perc"},"schema":{"@context":"https:\/\/schema.org","@graph":[{"@type":"WebPage","@id":"https:\/\/lavandula.ro\/produs\/ulei-esential-de-lavanda-5-ml\/","url":"https:\/\/lavandula.ro\/produs\/ulei-esential-de-lavanda-5-ml\/","name":"Ulei esen\u021bial de lavand\u0103 5 ml - Lavandula","isPartOf":{"@id":"https:\/\/lavandula.ro\/#website"},"primaryImageOfPage":{"@id":"https:\/\/lavandula.ro\/produs\/ulei-esential-de-lavanda-5-ml\/#primaryimage"},"image":{"@id":"https:\/\/lavandula.ro\/produs\/ulei-esential-de-lavanda-5-ml\/#primaryimage"},"thumbnailUrl":"https:\/\/lavandula.ro\/wp-content\/uploads\/2024\/08\/Lolaj2024.jpg","datePublished":"2024-08-12T12:54:31+00:00","dateModified":"2024-09-14T11:39:29+00:00","description":"Ofer\u0103-\u021bi un moment de relaxare profund\u0103 cu uleiul esen\u021bial de lavand\u0103, un remediu natural pentru calmarea min\u021bii \u0219i revitalizarea spiritului.","breadcrumb":{"@id":"https:\/\/lavandula.ro\/produs\/ulei-esential-de-lavanda-5-ml\/#breadcrumb"},"inLanguage":"hu","potentialAction":[{"@type":"ReadAction","target":["https:\/\/lavandula.ro\/produs\/ulei-esential-de-lavanda-5-ml\/"]}]},{"@type":"ImageObject","inLanguage":"hu","@id":"https:\/\/lavandula.ro\/produs\/ulei-esential-de-lavanda-5-ml\/#primaryimage","url":"https:\/\/lavandula.ro\/wp-content\/uploads\/2024\/08\/Lolaj2024.jpg","contentUrl":"https:\/\/lavandula.ro\/wp-content\/uploads\/2024\/08\/Lolaj2024.jpg","width":1080,"height":1080,"caption":"Lavandula.ro"},{"@type":"BreadcrumbList","@id":"https:\/\/lavandula.ro\/produs\/ulei-esential-de-lavanda-5-ml\/#breadcrumb","itemListElement":[{"@type":"ListItem","position":1,"name":"Prima pagin\u0103","item":"https:\/\/lavandula.ro\/"},{"@type":"ListItem","position":2,"name":"Produse","item":"https:\/\/lavandula.ro\/produse\/"},{"@type":"ListItem","position":3,"name":"Ulei esen\u021bial de lavand\u0103 5 ml"}]},{"@type":"WebSite","@id":"https:\/\/lavandula.ro\/#website","url":"https:\/\/lavandula.ro\/","name":"Lavandula","description":"Bine\u00een\u021beles natural!","publisher":{"@id":"https:\/\/lavandula.ro\/#organization"},"potentialAction":[{"@type":"SearchAction","target":{"@type":"EntryPoint","urlTemplate":"https:\/\/lavandula.ro\/?s={search_term_string}"},"query-input":{"@type":"PropertyValueSpecification","valueRequired":true,"valueName":"search_term_string"}}],"inLanguage":"hu"},{"@type":"Organization","@id":"https:\/\/lavandula.ro\/#organization","name":"Lavandula","url":"https:\/\/lavandula.ro\/","logo":{"@type":"ImageObject","inLanguage":"hu","@id":"https:\/\/lavandula.ro\/#\/schema\/logo\/image\/","url":"https:\/\/lavandula.ro\/wp-content\/uploads\/2024\/08\/L.png","contentUrl":"https:\/\/lavandula.ro\/wp-content\/uploads\/2024\/08\/L.png","width":1330,"height":592,"caption":"Lavandula"},"image":{"@id":"https:\/\/lavandula.ro\/#\/schema\/logo\/image\/"},"sameAs":["https:\/\/www.facebook.com\/Rlavandula"]}]}},"_links":{"self":[{"href":"https:\/\/lavandula.ro\/hu_hu\/wp-json\/wp\/v2\/product\/6199","targetHints":{"allow":["GET"]}}],"collection":[{"href":"https:\/\/lavandula.ro\/hu_hu\/wp-json\/wp\/v2\/product"}],"about":[{"href":"https:\/\/lavandula.ro\/hu_hu\/wp-json\/wp\/v2\/types\/product"}],"replies":[{"embeddable":true,"href":"https:\/\/lavandula.ro\/hu_hu\/wp-json\/wp\/v2\/comments?post=6199"}],"wp:featuredmedia":[{"embeddable":true,"href":"https:\/\/lavandula.ro\/hu_hu\/wp-json\/wp\/v2\/media\/6401"}],"wp:attachment":[{"href":"https:\/\/lavandula.ro\/hu_hu\/wp-json\/wp\/v2\/media?parent=6199"}],"wp:term":[{"taxonomy":"product_brand","embeddable":true,"href":"https:\/\/lavandula.ro\/hu_hu\/wp-json\/wp\/v2\/product_brand?post=6199"},{"taxonomy":"product_cat","embeddable":true,"href":"https:\/\/lavandula.ro\/hu_hu\/wp-json\/wp\/v2\/product_cat?post=6199"},{"taxonomy":"product_tag","embeddable":true,"href":"https:\/\/lavandula.ro\/hu_hu\/wp-json\/wp\/v2\/product_tag?post=6199"}],"curies":[{"name":"wp","href":"https:\/\/api.w.org\/{rel}","templated":true}]}}